{"id":30370,"date":"2024-08-19T16:51:09","date_gmt":"2024-08-19T13:51:09","guid":{"rendered":"https:\/\/farwell.ee\/?post_type=product&#038;p=30370"},"modified":"2024-08-21T15:56:39","modified_gmt":"2024-08-21T12:56:39","slug":"kuppelnoudepesumasin-9-9kw-pesuaine-dosaatoriga-ja-kanalipumbaga-80-korvi-h","status":"publish","type":"product","link":"https:\/\/farwell.ee\/en\/product\/kuppelnoudepesumasin-9-9kw-pesuaine-dosaatoriga-ja-kanalipumbaga-80-korvi-h\/","title":{"rendered":"Kuppeln\u00f5udepesumasin 9,9kW pesuaine dosaatoriga ja kanalipumbaga, 80 korvi\/h"},"content":{"rendered":"","protected":false},"excerpt":{"rendered":"<p><strong>*hinnale lisandub k\u00e4ibemaks<\/strong><\/p>\n<ul>\n<li>304 roostevabast terasest konstruktsioon, mis sisaldab: \u00fchekordse seinaga kuppel, v\u00e4limised esi-ja k\u00fcljepaneelid, pesutank, filtrid, pesu- ja loputusvarred<\/li>\n<li>Kasutab 2 liitrit puhast vett iga n\u00f5udekorvi l\u00f5pploputuseks<\/li>\n<li>84\u00b0C loputusvee temperatuur ja veesurve on garanteeritud sisse ehitatud atmosf\u00e4\u00e4rilise boileri ning loputusvee survepumbaga<\/li>\n<li>Pesutulemus tagatakse v\u00f5imsa 0.8 kW pesupumba ning p\u00f6\u00f6rlevate \u00fclemiste ja alumiste pesuvarte t\u00f6\u00f6ga<\/li>\n<li>Sisaldab \u00e4ravoolupumpa, pesu- ja loputusaine pumpa ning painduvaid \u00fchendusvoolikud<\/li>\n<li>Saab kasutada nii nurgas kui ka sirge seina \u00e4\u00e4res, varustatud k\u00f5rgussuunas reguleeritavate jalgadega<\/li>\n<\/ul>\n<p>M\u00f5\u00f5tmed: 746x755x1549 mm<\/p>\n<p>V\u00f5imsus: 9.9 kW<\/p>\n<p>Kaubam\u00e4rk: Electrolux Professional<\/p>\n<p>Tooteleht: <a href=\"https:\/\/farwell.ee\/wp-content\/uploads\/505103.pdf\">505103<\/a><\/p>","protected":false},"featured_media":30371,"template":"","meta":{"_acf_changed":false,"inline_featured_image":false},"product_brand":[],"product_cat":[9800],"product_tag":[],"class_list":{"0":"post-30370","1":"product","2":"type-product","3":"status-publish","4":"has-post-thumbnail","6":"product_cat-kuppelnoudepesumasinad","8":"first","9":"outofstock","10":"shipping-taxable","11":"purchasable","12":"product-type-simple"},"acf":[],"_links":{"self":[{"href":"https:\/\/farwell.ee\/en\/wp-json\/wp\/v2\/product\/30370","targetHints":{"allow":["GET"]}}],"collection":[{"href":"https:\/\/farwell.ee\/en\/wp-json\/wp\/v2\/product"}],"about":[{"href":"https:\/\/farwell.ee\/en\/wp-json\/wp\/v2\/types\/product"}],"wp:featuredmedia":[{"embeddable":true,"href":"https:\/\/farwell.ee\/en\/wp-json\/wp\/v2\/media\/30371"}],"wp:attachment":[{"href":"https:\/\/farwell.ee\/en\/wp-json\/wp\/v2\/media?parent=30370"}],"wp:term":[{"taxonomy":"product_brand","embeddable":true,"href":"https:\/\/farwell.ee\/en\/wp-json\/wp\/v2\/product_brand?post=30370"},{"taxonomy":"product_cat","embeddable":true,"href":"https:\/\/farwell.ee\/en\/wp-json\/wp\/v2\/product_cat?post=30370"},{"taxonomy":"product_tag","embeddable":true,"href":"https:\/\/farwell.ee\/en\/wp-json\/wp\/v2\/product_tag?post=30370"}],"curies":[{"name":"wp","href":"https:\/\/api.w.org\/{rel}","templated":true}]}}