{"id":30263,"date":"2024-08-12T15:15:06","date_gmt":"2024-08-12T12:15:06","guid":{"rendered":"https:\/\/farwell.ee\/toode\/truhvli-ja-kasitookommide-kastmiskahvlite-komplekt-4-osaline\/"},"modified":"2026-03-05T16:00:05","modified_gmt":"2026-03-05T14:00:05","slug":"truhvli-ja-kasitookommide-kastmiskahvlite-komplekt-4-osaline","status":"publish","type":"product","link":"https:\/\/farwell.ee\/en\/product\/truhvli-ja-kasitookommide-kastmiskahvlite-komplekt-4-osaline\/","title":{"rendered":"Tr\u00fchvli- ja k\u00e4sit\u00f6\u00f6kommide kastmiskahvlite komplekt 4-osaline"},"content":{"rendered":"","protected":false},"excerpt":{"rendered":"","protected":false},"featured_media":30262,"template":"","meta":{"_acf_changed":false,"inline_featured_image":false},"product_brand":[],"product_cat":[178],"product_tag":[9772,9773,9774,9775],"class_list":{"0":"post-30263","1":"product","2":"type-product","3":"status-publish","4":"has-post-thumbnail","6":"product_cat-tarvikud","7":"product_tag-dekokahvlid","8":"product_tag-dekoreerimiskahvlid","9":"product_tag-kahvel-sokolaadi-sisse-kastmiseks","10":"product_tag-sokolaadikahvlid","11":"pa_kaubamark-paderno","13":"first","14":"outofstock","15":"shipping-taxable","16":"purchasable","17":"product-type-simple"},"acf":[],"_links":{"self":[{"href":"https:\/\/farwell.ee\/en\/wp-json\/wp\/v2\/product\/30263","targetHints":{"allow":["GET"]}}],"collection":[{"href":"https:\/\/farwell.ee\/en\/wp-json\/wp\/v2\/product"}],"about":[{"href":"https:\/\/farwell.ee\/en\/wp-json\/wp\/v2\/types\/product"}],"wp:featuredmedia":[{"embeddable":true,"href":"https:\/\/farwell.ee\/en\/wp-json\/wp\/v2\/media\/30262"}],"wp:attachment":[{"href":"https:\/\/farwell.ee\/en\/wp-json\/wp\/v2\/media?parent=30263"}],"wp:term":[{"taxonomy":"product_brand","embeddable":true,"href":"https:\/\/farwell.ee\/en\/wp-json\/wp\/v2\/product_brand?post=30263"},{"taxonomy":"product_cat","embeddable":true,"href":"https:\/\/farwell.ee\/en\/wp-json\/wp\/v2\/product_cat?post=30263"},{"taxonomy":"product_tag","embeddable":true,"href":"https:\/\/farwell.ee\/en\/wp-json\/wp\/v2\/product_tag?post=30263"}],"curies":[{"name":"wp","href":"https:\/\/api.w.org\/{rel}","templated":true}]}}