{"id":30221,"date":"2024-08-09T09:30:04","date_gmt":"2024-08-09T06:30:04","guid":{"rendered":"https:\/\/farwell.ee\/toode\/klaaspurk-058l-r-v-klappkaanega-2tk-pk\/"},"modified":"2026-04-16T14:00:12","modified_gmt":"2026-04-16T11:00:12","slug":"klaaspurk-058l-r-v-klappkaanega-2tk-pk","status":"publish","type":"product","link":"https:\/\/farwell.ee\/en\/product\/klaaspurk-058l-r-v-klappkaanega-2tk-pk\/","title":{"rendered":"Klaaspurk 0,58L roostevabast klappkaanega 2tk\/pk"},"content":{"rendered":"","protected":false},"excerpt":{"rendered":"<p>Komplektis 2 purki ja 2 kaant.<br \/>\nRoostevabast terasest klappkaas silikoonist tihendiga.<br \/>\nPurgi k\u00f5rgus 11cm ja l\u00e4bim\u00f5\u00f5t 11cm.<br \/>\nN\u00f5udepesumasinas pestav.<\/p>","protected":false},"featured_media":36962,"template":"","meta":{"_acf_changed":false,"inline_featured_image":false},"product_brand":[],"product_cat":[12513],"product_tag":[],"class_list":{"0":"post-30221","1":"product","2":"type-product","3":"status-publish","4":"has-post-thumbnail","6":"product_cat-purgid","7":"pa_kaubamark-aps","9":"first","10":"outofstock","11":"shipping-taxable","12":"purchasable","13":"product-type-simple"},"acf":[],"_links":{"self":[{"href":"https:\/\/farwell.ee\/en\/wp-json\/wp\/v2\/product\/30221","targetHints":{"allow":["GET"]}}],"collection":[{"href":"https:\/\/farwell.ee\/en\/wp-json\/wp\/v2\/product"}],"about":[{"href":"https:\/\/farwell.ee\/en\/wp-json\/wp\/v2\/types\/product"}],"wp:featuredmedia":[{"embeddable":true,"href":"https:\/\/farwell.ee\/en\/wp-json\/wp\/v2\/media\/36962"}],"wp:attachment":[{"href":"https:\/\/farwell.ee\/en\/wp-json\/wp\/v2\/media?parent=30221"}],"wp:term":[{"taxonomy":"product_brand","embeddable":true,"href":"https:\/\/farwell.ee\/en\/wp-json\/wp\/v2\/product_brand?post=30221"},{"taxonomy":"product_cat","embeddable":true,"href":"https:\/\/farwell.ee\/en\/wp-json\/wp\/v2\/product_cat?post=30221"},{"taxonomy":"product_tag","embeddable":true,"href":"https:\/\/farwell.ee\/en\/wp-json\/wp\/v2\/product_tag?post=30221"}],"curies":[{"name":"wp","href":"https:\/\/api.w.org\/{rel}","templated":true}]}}