{"id":30101,"date":"2024-08-05T16:30:05","date_gmt":"2024-08-05T13:30:05","guid":{"rendered":"https:\/\/farwell.ee\/toode\/loikelaud-natural-mahlasoonega-330x230mm\/"},"modified":"2026-04-13T10:45:10","modified_gmt":"2026-04-13T07:45:10","slug":"loikelaud-natural-mahlasoonega-330x230mm","status":"publish","type":"product","link":"https:\/\/farwell.ee\/en\/product\/loikelaud-natural-mahlasoonega-330x230mm\/","title":{"rendered":"L\u00f5ikelaud 33x23cm mahlasoonega Natural"},"content":{"rendered":"","protected":false},"excerpt":{"rendered":"<p>L\u00f5ikelaud, mis ei kahjusta nugade l\u00f5iketera.<br \/>\nMaterjal: vaigu ja tselluloosikiu kombinatsioon &#8211; tugev ja vastupidav, kuid noa l\u00f5iketera suhtes \u00f5rn.<br \/>\nToiduohutu ja ei sisalda kahjulikke \u00fchendeid.<br \/>\nSelle valmistamisel on kasutatud keskkonnas\u00f5bralikke meetodeid, mille eesm\u00e4rk on kahjustada keskkonda v\u00f5imalikult v\u00e4he.<\/p>\n<p>L\u00f5ikelaua servas on lekkekindel mahlasoon.<br \/>\n\u00dches nurgas on riputamisauk.<br \/>\nKergesti pestav k\u00e4sitsi v\u00f5i n\u00f5udepesumasinas.<br \/>\nSuur l\u00f5ikepind.<\/p>","protected":false},"featured_media":30120,"template":"","meta":{"_acf_changed":false,"inline_featured_image":false},"product_brand":[],"product_cat":[146],"product_tag":[],"class_list":{"0":"post-30101","1":"product","2":"type-product","3":"status-publish","4":"has-post-thumbnail","6":"product_cat-loikelauad","7":"pa_kaubamark-arcos-hermanos","9":"first","10":"instock","11":"shipping-taxable","12":"purchasable","13":"product-type-simple"},"acf":[],"_links":{"self":[{"href":"https:\/\/farwell.ee\/en\/wp-json\/wp\/v2\/product\/30101","targetHints":{"allow":["GET"]}}],"collection":[{"href":"https:\/\/farwell.ee\/en\/wp-json\/wp\/v2\/product"}],"about":[{"href":"https:\/\/farwell.ee\/en\/wp-json\/wp\/v2\/types\/product"}],"wp:featuredmedia":[{"embeddable":true,"href":"https:\/\/farwell.ee\/en\/wp-json\/wp\/v2\/media\/30120"}],"wp:attachment":[{"href":"https:\/\/farwell.ee\/en\/wp-json\/wp\/v2\/media?parent=30101"}],"wp:term":[{"taxonomy":"product_brand","embeddable":true,"href":"https:\/\/farwell.ee\/en\/wp-json\/wp\/v2\/product_brand?post=30101"},{"taxonomy":"product_cat","embeddable":true,"href":"https:\/\/farwell.ee\/en\/wp-json\/wp\/v2\/product_cat?post=30101"},{"taxonomy":"product_tag","embeddable":true,"href":"https:\/\/farwell.ee\/en\/wp-json\/wp\/v2\/product_tag?post=30101"}],"curies":[{"name":"wp","href":"https:\/\/api.w.org\/{rel}","templated":true}]}}