{"id":30091,"date":"2024-08-05T16:08:33","date_gmt":"2024-08-05T13:08:33","guid":{"rendered":"https:\/\/farwell.ee\/?post_type=product&#038;p=30091"},"modified":"2024-08-05T16:08:33","modified_gmt":"2024-08-05T13:08:33","slug":"gaasikuttega-plaatgrill-14kw-sileda-ribilise-kroomplaadiga-laius-800mm","status":"publish","type":"product","link":"https:\/\/farwell.ee\/en\/product\/gaasikuttega-plaatgrill-14kw-sileda-ribilise-kroomplaadiga-laius-800mm\/","title":{"rendered":"Gaasik\u00fcttega plaatgrill 14kW sileda ribilise kroomplaadiga, laius 800mm"},"content":{"rendered":"","protected":false},"excerpt":{"rendered":"<p><strong>*hinnale lisandub k\u00e4ibemaks<\/strong><\/p>\n<div class=\"woocommerce-product-details__short-description\">\n<ul>\n<li>Paigaldamiseks avatud v\u00f5i sild t\u00fc\u00fcpi alusele<\/li>\n<li>2\/3 sile ja 1\/3 ribiline k\u00fcpsetuspind on valmistatud kroomitud terasest<\/li>\n<li>Sobib kasutamiseks loodusliku v\u00f5i LPG gaasiga<\/li>\n<li>Temperatuuride vahemik 130\u00b0C kuni 300\u00b0C<\/li>\n<li><span style=\"font-size: 1rem\">Eemaldatav rasva ja \u00f5li kogumissahtel k\u00fcpsetuspinna all<\/span><\/li>\n<li><span style=\"font-size: 1rem\">V\u00e4lispaneelid roostevabast terasest Scotch Brite pinnaviimistlusega<\/span><\/li>\n<li><span style=\"font-size: 1rem\">\u00dches t\u00fckist pressitud \u00fclaosa on 1,5 mm paksust roostevabast terasest<\/span><\/li>\n<li><span style=\"font-size: 1rem\">T\u00e4isnurksed servad v\u00f5imaldavad seadmeid omavahel tihedalt \u00fchendada<\/span><\/li>\n<\/ul>\n<\/div>\n<p>M\u00f5\u00f5tmed: 800x730x250 mm<\/p>\n<p>V\u00f5imsus: 14 kW<\/p>\n<p>Kaubam\u00e4rk: Electrolux Professional<\/p>\n<p>Tooteleht: <a href=\"https:\/\/farwell.ee\/wp-content\/uploads\/371041.pdf\">371041<\/a><\/p>","protected":false},"featured_media":30092,"template":"","meta":{"_acf_changed":false,"inline_featured_image":false},"product_brand":[],"product_cat":[9699],"product_tag":[],"class_list":{"0":"post-30091","1":"product","2":"type-product","3":"status-publish","4":"has-post-thumbnail","6":"product_cat-plaatgrillid","8":"first","9":"outofstock","10":"shipping-taxable","11":"purchasable","12":"product-type-simple"},"acf":[],"_links":{"self":[{"href":"https:\/\/farwell.ee\/en\/wp-json\/wp\/v2\/product\/30091","targetHints":{"allow":["GET"]}}],"collection":[{"href":"https:\/\/farwell.ee\/en\/wp-json\/wp\/v2\/product"}],"about":[{"href":"https:\/\/farwell.ee\/en\/wp-json\/wp\/v2\/types\/product"}],"wp:featuredmedia":[{"embeddable":true,"href":"https:\/\/farwell.ee\/en\/wp-json\/wp\/v2\/media\/30092"}],"wp:attachment":[{"href":"https:\/\/farwell.ee\/en\/wp-json\/wp\/v2\/media?parent=30091"}],"wp:term":[{"taxonomy":"product_brand","embeddable":true,"href":"https:\/\/farwell.ee\/en\/wp-json\/wp\/v2\/product_brand?post=30091"},{"taxonomy":"product_cat","embeddable":true,"href":"https:\/\/farwell.ee\/en\/wp-json\/wp\/v2\/product_cat?post=30091"},{"taxonomy":"product_tag","embeddable":true,"href":"https:\/\/farwell.ee\/en\/wp-json\/wp\/v2\/product_tag?post=30091"}],"curies":[{"name":"wp","href":"https:\/\/api.w.org\/{rel}","templated":true}]}}