{"id":30088,"date":"2024-08-05T15:59:12","date_gmt":"2024-08-05T12:59:12","guid":{"rendered":"https:\/\/farwell.ee\/?post_type=product&#038;p=30088"},"modified":"2024-08-05T16:31:25","modified_gmt":"2024-08-05T13:31:25","slug":"gaasikuttega-plaatgrill-14kw-sileda-kroomitud-pinnaga-lauapealne-laius-800mm","status":"publish","type":"product","link":"https:\/\/farwell.ee\/en\/product\/gaasikuttega-plaatgrill-14kw-sileda-kroomitud-pinnaga-lauapealne-laius-800mm\/","title":{"rendered":"Gaasik\u00fcttega plaatgrill 14kW sileda kroomitud pinnaga, lauapealne, laius 800mm"},"content":{"rendered":"","protected":false},"excerpt":{"rendered":"<p><strong>*hinnale lisandub k\u00e4ibemaks<\/strong><\/p>\n<div class=\"woocommerce-product-details__short-description\">\n<ul>\n<li>Paigaldamiseks avatud v\u00f5i sild t\u00fc\u00fcpi alusele<\/li>\n<li>Sile k\u00fcpsetuspind on valmistatud kroomiga kaetud terasest<\/li>\n<li>Sobib kasutamiseks loodusliku v\u00f5i LPG gaasiga<\/li>\n<li>Temperatuuride vahemik 130\u00b0C kuni 300\u00b0C<\/li>\n<li><span style=\"font-size: 1rem\">Eemaldatav rasva ja \u00f5li kogumissahtel k\u00fcpsetuspinna all<\/span><\/li>\n<li><span style=\"font-size: 1rem\">V\u00e4lispaneelid roostevabast terasest Scotch Brite pinnaviimistlusega<\/span><\/li>\n<li><span style=\"font-size: 1rem\">\u00dches t\u00fckist pressitud \u00fclaosa on 1,5 mm paksust roostevabast terasest<\/span><\/li>\n<li><span style=\"font-size: 1rem\">T\u00e4isnurksed servad v\u00f5imaldavad seadmeid omavahel tihedalt \u00fchendada<\/span><\/li>\n<\/ul>\n<\/div>\n<p>M\u00f5\u00f5tmed: 800x730x250 mm<\/p>\n<p>V\u00f5imsus: 14 kW<\/p>\n<p>Kaubam\u00e4rk: Electrolux Professional<\/p>\n<p>Tooteleht: <a href=\"https:\/\/farwell.ee\/wp-content\/uploads\/371038.pdf\">371038<\/a><\/p>","protected":false},"featured_media":30089,"template":"","meta":{"_acf_changed":false,"inline_featured_image":false},"product_brand":[],"product_cat":[9699],"product_tag":[],"class_list":{"0":"post-30088","1":"product","2":"type-product","3":"status-publish","4":"has-post-thumbnail","6":"product_cat-plaatgrillid","8":"first","9":"outofstock","10":"shipping-taxable","11":"purchasable","12":"product-type-simple"},"acf":[],"_links":{"self":[{"href":"https:\/\/farwell.ee\/en\/wp-json\/wp\/v2\/product\/30088","targetHints":{"allow":["GET"]}}],"collection":[{"href":"https:\/\/farwell.ee\/en\/wp-json\/wp\/v2\/product"}],"about":[{"href":"https:\/\/farwell.ee\/en\/wp-json\/wp\/v2\/types\/product"}],"wp:featuredmedia":[{"embeddable":true,"href":"https:\/\/farwell.ee\/en\/wp-json\/wp\/v2\/media\/30089"}],"wp:attachment":[{"href":"https:\/\/farwell.ee\/en\/wp-json\/wp\/v2\/media?parent=30088"}],"wp:term":[{"taxonomy":"product_brand","embeddable":true,"href":"https:\/\/farwell.ee\/en\/wp-json\/wp\/v2\/product_brand?post=30088"},{"taxonomy":"product_cat","embeddable":true,"href":"https:\/\/farwell.ee\/en\/wp-json\/wp\/v2\/product_cat?post=30088"},{"taxonomy":"product_tag","embeddable":true,"href":"https:\/\/farwell.ee\/en\/wp-json\/wp\/v2\/product_tag?post=30088"}],"curies":[{"name":"wp","href":"https:\/\/api.w.org\/{rel}","templated":true}]}}