{"id":30085,"date":"2024-08-05T15:52:00","date_gmt":"2024-08-05T12:52:00","guid":{"rendered":"https:\/\/farwell.ee\/?post_type=product&#038;p=30085"},"modified":"2024-08-05T15:52:00","modified_gmt":"2024-08-05T12:52:00","slug":"elektriline-plaatgrill-8-4kw-sileda-ribilise-kroomplaadiga-laius-800mm","status":"publish","type":"product","link":"https:\/\/farwell.ee\/en\/product\/elektriline-plaatgrill-8-4kw-sileda-ribilise-kroomplaadiga-laius-800mm\/","title":{"rendered":"Elektriline plaatgrill 8.4kW sileda ribilise kroomplaadiga, laius 800mm"},"content":{"rendered":"","protected":false},"excerpt":{"rendered":"<p><strong>*hinnale lisandub k\u00e4ibemaks<\/strong><\/p>\n<div class=\"woocommerce-product-details__short-description\">\n<ul>\n<li>Alusele paigaldatav mudel<\/li>\n<li>2\/3 sile ja 1\/3 ribiline terasesulamist k\u00fcpsetuspind<\/li>\n<li>Temperatuuride vahemik reguleeritav vahemikus 110\u00b0C kuni 300\u00b0C<\/li>\n<li><span style=\"font-size: 1rem\">K\u00fcpsetuspinna all on eemaldatav sahtel rasva ja muude k\u00fcpsetusj\u00e4\u00e4kide kogumiseks<\/span><\/li>\n<li><span style=\"font-size: 1rem\">V\u00e4lispaneelid roostevabast terasest Scotch Brite pinnaviimistlusega<\/span><\/li>\n<li><span style=\"font-size: 1rem\">\u00dchest t\u00fckist pressitud t\u00f6\u00f6pind on 1,5 mm paksusest roostevabast terasest<\/span><\/li>\n<li><span style=\"font-size: 1rem\">T\u00e4isnurksed servad v\u00f5imaldavad seadet tihedalt teiste sama seeria toodetega kokku \u00fchendada<\/span><\/li>\n<\/ul>\n<\/div>\n<p>M\u00f5\u00f5tmed: 800x730x250 mm<\/p>\n<p>V\u00f5imsus: 8.4 kW<\/p>\n<p>Kaubam\u00e4rk: Electrolux Professional<\/p>\n<p>Tooteleht: <a href=\"https:\/\/farwell.ee\/wp-content\/uploads\/371197.pdf\">371197<\/a><\/p>","protected":false},"featured_media":30086,"template":"","meta":{"_acf_changed":false,"inline_featured_image":false},"product_brand":[],"product_cat":[9699],"product_tag":[],"class_list":{"0":"post-30085","1":"product","2":"type-product","3":"status-publish","4":"has-post-thumbnail","6":"product_cat-plaatgrillid","8":"first","9":"outofstock","10":"shipping-taxable","11":"purchasable","12":"product-type-simple"},"acf":[],"_links":{"self":[{"href":"https:\/\/farwell.ee\/en\/wp-json\/wp\/v2\/product\/30085","targetHints":{"allow":["GET"]}}],"collection":[{"href":"https:\/\/farwell.ee\/en\/wp-json\/wp\/v2\/product"}],"about":[{"href":"https:\/\/farwell.ee\/en\/wp-json\/wp\/v2\/types\/product"}],"wp:featuredmedia":[{"embeddable":true,"href":"https:\/\/farwell.ee\/en\/wp-json\/wp\/v2\/media\/30086"}],"wp:attachment":[{"href":"https:\/\/farwell.ee\/en\/wp-json\/wp\/v2\/media?parent=30085"}],"wp:term":[{"taxonomy":"product_brand","embeddable":true,"href":"https:\/\/farwell.ee\/en\/wp-json\/wp\/v2\/product_brand?post=30085"},{"taxonomy":"product_cat","embeddable":true,"href":"https:\/\/farwell.ee\/en\/wp-json\/wp\/v2\/product_cat?post=30085"},{"taxonomy":"product_tag","embeddable":true,"href":"https:\/\/farwell.ee\/en\/wp-json\/wp\/v2\/product_tag?post=30085"}],"curies":[{"name":"wp","href":"https:\/\/api.w.org\/{rel}","templated":true}]}}