{"id":30077,"date":"2024-08-05T11:15:06","date_gmt":"2024-08-05T08:15:06","guid":{"rendered":"https:\/\/farwell.ee\/toode\/nugade-teritaja-elektriline-3-etapiline-20-teritusnurk-2\/"},"modified":"2025-09-17T11:26:41","modified_gmt":"2025-09-17T08:26:41","slug":"nugade-teritaja-elektriline-3-etapiline-20-teritusnurk-2","status":"publish","type":"product","link":"https:\/\/farwell.ee\/en\/product\/nugade-teritaja-elektriline-3-etapiline-20-teritusnurk-2\/","title":{"rendered":"Nugade teritaja elektriline, 3-etapiline, 20\u00b0 teritusnurk"},"content":{"rendered":"","protected":false},"excerpt":{"rendered":"<p>NSF-sertifikaadiga mudel 2100 on ideaalne lahendus nugade kiireks teritamiseks kulut\u00f5husalt ja ajas\u00e4\u00e4stlikult.<br \/>\nSelle t\u00e4iustatud tehnoloogia v\u00f5imaldab k\u00f5igil kiiresti ja lihtsalt anda k\u00f5igile sirge teraga kokanugadele ja isegi sakiliste teragdega nugadele terava serva.<br \/>\nKolmeastmeline Chef&#8217;sChoice\u00ae Commercial Diamond Hone\u00ae noateritaja mudel 2100 on kiire ja lihtne kasutada ning loob suurep\u00e4rase ja kauakestva terava l\u00f5ikeserva.<br \/>\nModel 2100 kolmeastmelise patenteeritud teritusprotsessi (EdgeSelect\u00ae) abil loodud ainulaadne servageomeetria v\u00f5imaldab luua erakordselt hea teravuse kiuliste toitude jaoks v\u00f5i peene tera t\u00e4pseks l\u00f5ikamiseks ja viilutamiseks.<br \/>\nSee on ohutu kvaliteetsetele nugadele ega kahjusta kunagi noatera.<\/p>\n<p>Teemantlihvitud ja \u00fclipeen teritusaste h\u00e4mmastavalt teravate servade saavutamiseks sekunditega.<br \/>\nKaasas vastupidav teritusmoodul 20-kraadise klassi nugadele, mis on kergesti eemaldatav puhastamiseks ja desinfitseerimiseks kraanikausis v\u00f5i professionaalses n\u00f5udepesumasinas.<br \/>\nTeritab k\u00f5iki 20-kraadise teritusnurgaga nuge, nii sirge servaga kui ka sakilise servaga \u2013 k\u00f6\u00f6ginoad, lihunikunoad, tasku- ja spordinoad.<br \/>\nSaadaval on ka 15-kraadine teritusmoodul ja keraamiliste nugade teritusmoodul, mis m\u00fc\u00fcakse eraldi.<br \/>\nTerad p\u00fcsivad teravad kuni kolm korda kauem \u2013 t\u00e4iustatud Trizor-Plus\u2122 kolmekordse kaldservaga serv on vastupidav.<br \/>\nNSF-sertifitseeritud.<br \/>\nPlastist kinnitusvedrud stabiliseerivad noatera igas etapis t\u00e4psete nurkjuhikute vastu.<br \/>\nEnne teritamist puhastage noad alati toiduj\u00e4\u00e4kidest ja rasvast.<br \/>\n<span style=\"font-size: 1rem\"><br \/>\nTootele kehtib Chef&#8217;sChoice&#8217;i 1-aastane piiratud garantii.\u00a0<\/span><\/p>","protected":false},"featured_media":30076,"template":"","meta":{"_acf_changed":false,"inline_featured_image":false},"product_brand":[],"product_cat":[140],"product_tag":[],"class_list":{"0":"post-30077","1":"product","2":"type-product","3":"status-publish","4":"has-post-thumbnail","6":"product_cat-kooginoad","7":"pa_kaubamark-chefs-choise-3","9":"first","10":"outofstock","11":"shipping-taxable","12":"purchasable","13":"product-type-simple"},"acf":[],"_links":{"self":[{"href":"https:\/\/farwell.ee\/en\/wp-json\/wp\/v2\/product\/30077","targetHints":{"allow":["GET"]}}],"collection":[{"href":"https:\/\/farwell.ee\/en\/wp-json\/wp\/v2\/product"}],"about":[{"href":"https:\/\/farwell.ee\/en\/wp-json\/wp\/v2\/types\/product"}],"wp:featuredmedia":[{"embeddable":true,"href":"https:\/\/farwell.ee\/en\/wp-json\/wp\/v2\/media\/30076"}],"wp:attachment":[{"href":"https:\/\/farwell.ee\/en\/wp-json\/wp\/v2\/media?parent=30077"}],"wp:term":[{"taxonomy":"product_brand","embeddable":true,"href":"https:\/\/farwell.ee\/en\/wp-json\/wp\/v2\/product_brand?post=30077"},{"taxonomy":"product_cat","embeddable":true,"href":"https:\/\/farwell.ee\/en\/wp-json\/wp\/v2\/product_cat?post=30077"},{"taxonomy":"product_tag","embeddable":true,"href":"https:\/\/farwell.ee\/en\/wp-json\/wp\/v2\/product_tag?post=30077"}],"curies":[{"name":"wp","href":"https:\/\/api.w.org\/{rel}","templated":true}]}}