{"id":30045,"date":"2024-08-01T18:49:40","date_gmt":"2024-08-01T15:49:40","guid":{"rendered":"https:\/\/farwell.ee\/?post_type=product&#038;p=30045"},"modified":"2024-08-02T11:11:36","modified_gmt":"2024-08-02T08:11:36","slug":"elektriline-plaatgrill-7-5kw-sileda-kroomitud-pinnaga-kallutatav-laius-400mm","status":"publish","type":"product","link":"https:\/\/farwell.ee\/en\/product\/elektriline-plaatgrill-7-5kw-sileda-kroomitud-pinnaga-kallutatav-laius-400mm\/","title":{"rendered":"Elektriline plaatgrill 7,5kW sileda kroomitud pinnaga, kallutatav, laius 400mm"},"content":{"rendered":"","protected":false},"excerpt":{"rendered":"<p><strong>*hinnale lisandub k\u00e4ibemaks<\/strong><\/p>\n<div class=\"woocommerce-product-details__short-description\">\n<ul>\n<li>Sile kroomist pinnakattega k\u00fcpsetuspind on valmistatud terasesulamist<\/li>\n<li>Paigaldamiseks avatud alusele v\u00f5i sild t\u00fc\u00fcpi paigaldusseinale<\/li>\n<li>Eemaldatav sahtel t\u00f6\u00f6pinna all rasva ja k\u00fcpsetusj\u00e4\u00e4kide kogumiseks<\/li>\n<li><span style=\"font-size: 1rem\">V\u00e4lispaneelid ja korpus \u00fcleni roostevabast terasest Scotch Brite pinnaviimistlusega<\/span><\/li>\n<li><span style=\"font-size: 1rem\">Eriti tugev, \u00fchest t\u00fckist pressitud \u00fclaosa on 2 mm paksusest roostevabast terasest<\/span><\/li>\n<li><span style=\"font-size: 1rem\">T\u00e4isnurksed servad v\u00f5imaldavad seadmeid omavahel tihedalt \u00fchendada<\/span><\/li>\n<\/ul>\n<\/div>\n<p>M\u00f5\u00f5tmed: 400x930x250 mm<\/p>\n<p>V\u00f5imsus: 7.5 kW<\/p>\n<p>Kaubam\u00e4rk: Electrolux Professional<\/p>\n<p>Tooteleht: <a href=\"https:\/\/farwell.ee\/wp-content\/uploads\/391072.pdf\">391072<\/a><\/p>","protected":false},"featured_media":30046,"template":"","meta":{"_acf_changed":false,"inline_featured_image":false},"product_brand":[],"product_cat":[9699],"product_tag":[],"class_list":{"0":"post-30045","1":"product","2":"type-product","3":"status-publish","4":"has-post-thumbnail","6":"product_cat-plaatgrillid","8":"first","9":"outofstock","10":"shipping-taxable","11":"purchasable","12":"product-type-simple"},"acf":[],"_links":{"self":[{"href":"https:\/\/farwell.ee\/en\/wp-json\/wp\/v2\/product\/30045","targetHints":{"allow":["GET"]}}],"collection":[{"href":"https:\/\/farwell.ee\/en\/wp-json\/wp\/v2\/product"}],"about":[{"href":"https:\/\/farwell.ee\/en\/wp-json\/wp\/v2\/types\/product"}],"wp:featuredmedia":[{"embeddable":true,"href":"https:\/\/farwell.ee\/en\/wp-json\/wp\/v2\/media\/30046"}],"wp:attachment":[{"href":"https:\/\/farwell.ee\/en\/wp-json\/wp\/v2\/media?parent=30045"}],"wp:term":[{"taxonomy":"product_brand","embeddable":true,"href":"https:\/\/farwell.ee\/en\/wp-json\/wp\/v2\/product_brand?post=30045"},{"taxonomy":"product_cat","embeddable":true,"href":"https:\/\/farwell.ee\/en\/wp-json\/wp\/v2\/product_cat?post=30045"},{"taxonomy":"product_tag","embeddable":true,"href":"https:\/\/farwell.ee\/en\/wp-json\/wp\/v2\/product_tag?post=30045"}],"curies":[{"name":"wp","href":"https:\/\/api.w.org\/{rel}","templated":true}]}}