{"id":30036,"date":"2024-08-01T18:10:18","date_gmt":"2024-08-01T15:10:18","guid":{"rendered":"https:\/\/farwell.ee\/?post_type=product&#038;p=30036"},"modified":"2024-08-02T11:12:34","modified_gmt":"2024-08-02T08:12:34","slug":"koogiviljatukeldaja-2kw-alusel-2-kiirusega-tr260","status":"publish","type":"product","link":"https:\/\/farwell.ee\/en\/product\/koogiviljatukeldaja-2kw-alusel-2-kiirusega-tr260\/","title":{"rendered":"K\u00f6\u00f6giviljat\u00fckeldaja 2kW alusel, 2-kiirusega TR260"},"content":{"rendered":"","protected":false},"excerpt":{"rendered":"<p><strong>*hinnale lisandub k\u00e4ibemaks<\/strong><\/p>\n<ul>\n<li>Universaalne k\u00f6\u00f6giviljat\u00fckeldaja ettev\u00f5tetele, kus valmistatakse 400 kuni 600 portsjonit s\u00f6\u00f6gikorra kohta<\/li>\n<li>Kaks kiirust (325\/650 p\/min)<\/li>\n<li>2200 W isepidurduv mootor<\/li>\n<li>Roostevabast terasest mootori korpus<\/li>\n<li>Varustatud &#8220;No volt release&#8221; turvas\u00fcsteemiga<\/li>\n<li>Puutenuppudega juhtpaneel- sisse\/v\u00e4lja ja kiirusevaliku nupud<\/li>\n<li>L\u00f5ikeketta diameeter on 300mm<\/li>\n<li>Varustatud manuaalse s\u00f6\u00f6tja ja mobiilse alusega, millele on kinnitatud ka l\u00f5ikeketaste (kettad ei ole komplektis)<\/li>\n<li>L\u00f5ikeketaste hoidjat saab kinnitada ka seinale<\/li>\n<li>Puutenuppudega juhtpaneel omab IP65 kaitset ja t\u00f6\u00f6tab madalpingel<\/li>\n<\/ul>\n<p>M\u00f5\u00f5tmed: 610x830x1400 mm<\/p>\n<p>V\u00f5imsus: 2 kW<\/p>\n<p>Kaubam\u00e4rk: Electrolux Professional<\/p>\n<p>Tooteleht: <a href=\"https:\/\/farwell.ee\/wp-content\/uploads\/603281.pdf\">603281<\/a><\/p>","protected":false},"featured_media":30037,"template":"","meta":{"_acf_changed":false,"inline_featured_image":false},"product_brand":[],"product_cat":[9700],"product_tag":[],"class_list":{"0":"post-30036","1":"product","2":"type-product","3":"status-publish","4":"has-post-thumbnail","6":"product_cat-juurviljatukeldajad","8":"first","9":"outofstock","10":"shipping-taxable","11":"purchasable","12":"product-type-simple"},"acf":[],"_links":{"self":[{"href":"https:\/\/farwell.ee\/en\/wp-json\/wp\/v2\/product\/30036","targetHints":{"allow":["GET"]}}],"collection":[{"href":"https:\/\/farwell.ee\/en\/wp-json\/wp\/v2\/product"}],"about":[{"href":"https:\/\/farwell.ee\/en\/wp-json\/wp\/v2\/types\/product"}],"wp:featuredmedia":[{"embeddable":true,"href":"https:\/\/farwell.ee\/en\/wp-json\/wp\/v2\/media\/30037"}],"wp:attachment":[{"href":"https:\/\/farwell.ee\/en\/wp-json\/wp\/v2\/media?parent=30036"}],"wp:term":[{"taxonomy":"product_brand","embeddable":true,"href":"https:\/\/farwell.ee\/en\/wp-json\/wp\/v2\/product_brand?post=30036"},{"taxonomy":"product_cat","embeddable":true,"href":"https:\/\/farwell.ee\/en\/wp-json\/wp\/v2\/product_cat?post=30036"},{"taxonomy":"product_tag","embeddable":true,"href":"https:\/\/farwell.ee\/en\/wp-json\/wp\/v2\/product_tag?post=30036"}],"curies":[{"name":"wp","href":"https:\/\/api.w.org\/{rel}","templated":true}]}}