{"id":30017,"date":"2024-08-01T10:45:06","date_gmt":"2024-08-01T07:45:06","guid":{"rendered":"https:\/\/farwell.ee\/toode\/kokanuga-14cm-mikrohammastega-tera-linea\/"},"modified":"2026-04-16T14:00:13","modified_gmt":"2026-04-16T11:00:13","slug":"kokanuga-14cm-mikrohammastega-tera-linea","status":"publish","type":"product","link":"https:\/\/farwell.ee\/en\/product\/kokanuga-14cm-mikrohammastega-tera-linea\/","title":{"rendered":"Kokanuga 14cm mikrohammastega tera Linea"},"content":{"rendered":"","protected":false},"excerpt":{"rendered":"<p>Mikrohammastega tera ei teritata !<br \/>\nMikrohammastega k\u00f6\u00f6ginuga sobib erinevate toiduainete l\u00f5ikamiseks: liha, kala, pagaritooted, leivatooted, juurviljad ja puuviljad.<\/p>","protected":false},"featured_media":30016,"template":"","meta":{"_acf_changed":false,"inline_featured_image":false},"product_brand":[],"product_cat":[140],"product_tag":[],"class_list":{"0":"post-30017","1":"product","2":"type-product","3":"status-publish","4":"has-post-thumbnail","6":"product_cat-kooginoad","7":"pa_kaubamark-arcos-hermanos","9":"first","10":"instock","11":"shipping-taxable","12":"purchasable","13":"product-type-simple"},"acf":[],"_links":{"self":[{"href":"https:\/\/farwell.ee\/en\/wp-json\/wp\/v2\/product\/30017","targetHints":{"allow":["GET"]}}],"collection":[{"href":"https:\/\/farwell.ee\/en\/wp-json\/wp\/v2\/product"}],"about":[{"href":"https:\/\/farwell.ee\/en\/wp-json\/wp\/v2\/types\/product"}],"wp:featuredmedia":[{"embeddable":true,"href":"https:\/\/farwell.ee\/en\/wp-json\/wp\/v2\/media\/30016"}],"wp:attachment":[{"href":"https:\/\/farwell.ee\/en\/wp-json\/wp\/v2\/media?parent=30017"}],"wp:term":[{"taxonomy":"product_brand","embeddable":true,"href":"https:\/\/farwell.ee\/en\/wp-json\/wp\/v2\/product_brand?post=30017"},{"taxonomy":"product_cat","embeddable":true,"href":"https:\/\/farwell.ee\/en\/wp-json\/wp\/v2\/product_cat?post=30017"},{"taxonomy":"product_tag","embeddable":true,"href":"https:\/\/farwell.ee\/en\/wp-json\/wp\/v2\/product_tag?post=30017"}],"curies":[{"name":"wp","href":"https:\/\/api.w.org\/{rel}","templated":true}]}}