{"id":29991,"date":"2024-07-30T19:48:20","date_gmt":"2024-07-30T16:48:20","guid":{"rendered":"https:\/\/farwell.ee\/?post_type=product&#038;p=29991"},"modified":"2024-08-02T11:13:32","modified_gmt":"2024-08-02T08:13:32","slug":"friikartuli-loikur-370w-automaatse-sooturiga","status":"publish","type":"product","link":"https:\/\/farwell.ee\/en\/product\/friikartuli-loikur-370w-automaatse-sooturiga\/","title":{"rendered":"Friikartuli l\u00f5ikur 370W automaatse s\u00f6\u00f6turiga"},"content":{"rendered":"","protected":false},"excerpt":{"rendered":"<p><strong>*hinnale lisandub k\u00e4ibemaks<\/strong><\/p>\n<ul>\n<li>Korpus ja trummel on valmistatud korrosioonikindlast materjalist<\/li>\n<li>Automaats\u00f6\u00f6tur ja l\u00f5ikeplokk on valmistatud roostevabast terasest ja on kergesti eemaldatavad<\/li>\n<li>S\u00f6\u00f6tekoonus on varustatud ohutusplaadiga, mis v\u00f5imaldab l\u00e4bip\u00e4\u00e4su ainult kartulitele, v\u00e4listades v\u00f5imaluse k\u00e4ttpidi l\u00f5ikurisse sattuda<\/li>\n<li>T\u00f6\u00f6tamisel seiskub masin hetkeliselt l\u00f5ikeploki lohakal kinnitamisel v\u00f5i s\u00f6\u00f6tekoonuse avamisel<\/li>\n<\/ul>\n<p>M\u00f5\u00f5tmed: 360x670x560 mm<\/p>\n<p>V\u00f5imsus: 0.37 kW<\/p>\n<p>Kaubam\u00e4rk: Electrolux Professional<\/p>\n<p>Tooteleht: <a href=\"https:\/\/farwell.ee\/wp-content\/uploads\/601151.pdf\">601151<\/a><\/p>","protected":false},"featured_media":29992,"template":"","meta":{"_acf_changed":false,"inline_featured_image":false},"product_brand":[],"product_cat":[9700],"product_tag":[],"class_list":{"0":"post-29991","1":"product","2":"type-product","3":"status-publish","4":"has-post-thumbnail","6":"product_cat-juurviljatukeldajad","8":"first","9":"outofstock","10":"shipping-taxable","11":"purchasable","12":"product-type-simple"},"acf":[],"_links":{"self":[{"href":"https:\/\/farwell.ee\/en\/wp-json\/wp\/v2\/product\/29991","targetHints":{"allow":["GET"]}}],"collection":[{"href":"https:\/\/farwell.ee\/en\/wp-json\/wp\/v2\/product"}],"about":[{"href":"https:\/\/farwell.ee\/en\/wp-json\/wp\/v2\/types\/product"}],"wp:featuredmedia":[{"embeddable":true,"href":"https:\/\/farwell.ee\/en\/wp-json\/wp\/v2\/media\/29992"}],"wp:attachment":[{"href":"https:\/\/farwell.ee\/en\/wp-json\/wp\/v2\/media?parent=29991"}],"wp:term":[{"taxonomy":"product_brand","embeddable":true,"href":"https:\/\/farwell.ee\/en\/wp-json\/wp\/v2\/product_brand?post=29991"},{"taxonomy":"product_cat","embeddable":true,"href":"https:\/\/farwell.ee\/en\/wp-json\/wp\/v2\/product_cat?post=29991"},{"taxonomy":"product_tag","embeddable":true,"href":"https:\/\/farwell.ee\/en\/wp-json\/wp\/v2\/product_tag?post=29991"}],"curies":[{"name":"wp","href":"https:\/\/api.w.org\/{rel}","templated":true}]}}