{"id":29952,"date":"2024-07-30T19:35:15","date_gmt":"2024-07-30T16:35:15","guid":{"rendered":"https:\/\/farwell.ee\/?post_type=product&#038;p=29952"},"modified":"2024-07-31T14:09:38","modified_gmt":"2024-07-31T11:09:38","slug":"koogiviljatukeldaja-kutter-1500w-maht-7l-reguleeritava-kiirusega-trk70","status":"publish","type":"product","link":"https:\/\/farwell.ee\/en\/product\/koogiviljatukeldaja-kutter-1500w-maht-7l-reguleeritava-kiirusega-trk70\/","title":{"rendered":"K\u00f6\u00f6giviljat\u00fckeldaja-kutter 1500W, maht 7L, reguleeritava kiirusega TRK70"},"content":{"rendered":"","protected":false},"excerpt":{"rendered":"<p><strong>*hinnale lisandub k\u00e4ibemaks<\/strong><\/p>\n<ul>\n<li>3 in 1 machine: cutter, emulsifier and slicer to slice, grate, liquidise, mix and mince in a matter of seconds<\/li>\n<li>Easily change from vegetable slicer to food processor without any tool<\/li>\n<li>All parts in contact with food are removable, dismountable and dw safe<\/li>\n<li>Incly system to change the motor base orientation (20\u00b0) to facilitate loading and unloading operations with the vegetable slicer attachment<\/li>\n<li>Vegetable slicer attachment: Universal vegetable slicer offering about 80 different types of cuts<\/li>\n<li>Long vegetable hopper (60 mm diameter) integrated in the wide 3\/4 moon stainless steel round hopper (215 cm\u00b2)<\/li>\n<li>User-friendly stainless steel lever (better pressure control, with less effort for arms and shoulder), designed for right and left handed users<\/li>\n<li>High discharge zone (up to 20 cm) for GN containers<\/li>\n<li>Automatic start\/stop function will stop the machine when the lever hopper is lifted and will restart automatically when lowered<\/li>\n<li>Cutter-mixer: Stainless steel 7 litre bowl with unique design for mixing both large or small quantities<\/li>\n<li>Unique high chimney increases the real capacity of the bowl (use up to 75% of nominal capacity)<\/li>\n<li>Transparent lid to check consistency of food and to eventually add ingredients without having to open the lid<\/li>\n<li>Hinged cover, when lifted, remains open to permit a fast and easy check of preparation<\/li>\n<li>Ergonomic and easily dismountable scraper, in heavy duty composite material, for better homogenization<\/li>\n<li>Micro toothed blades in 420 AISI stainless steel<\/li>\n<li>Multiple safety devices ensure the machine will only operate when the cover is properly closed and all parts are correctly positioned<\/li>\n<li>Asynchronous industrial motor for heavy duty and longer life<\/li>\n<li>Flat and waterproof control panel with on\/off button, pulse function and variable speed (from 300 to 3700rpm)<\/li>\n<\/ul>\n<p>M\u00f5\u00f5tmed: 252x485x505 mm<\/p>\n<p>V\u00f5imsus: 1.5 kW<\/p>\n<p>Kaubam\u00e4rk: Electrolux Professional<\/p>\n<p>Tooteleht: <a href=\"https:\/\/farwell.ee\/wp-content\/uploads\/600490.pdf\">600490<\/a><\/p>","protected":false},"featured_media":29953,"template":"","meta":{"_acf_changed":false,"inline_featured_image":false},"product_brand":[],"product_cat":[9700],"product_tag":[],"class_list":{"0":"post-29952","1":"product","2":"type-product","3":"status-publish","4":"has-post-thumbnail","6":"product_cat-juurviljatukeldajad","8":"first","9":"outofstock","10":"shipping-taxable","11":"purchasable","12":"product-type-simple"},"acf":[],"_links":{"self":[{"href":"https:\/\/farwell.ee\/en\/wp-json\/wp\/v2\/product\/29952","targetHints":{"allow":["GET"]}}],"collection":[{"href":"https:\/\/farwell.ee\/en\/wp-json\/wp\/v2\/product"}],"about":[{"href":"https:\/\/farwell.ee\/en\/wp-json\/wp\/v2\/types\/product"}],"wp:featuredmedia":[{"embeddable":true,"href":"https:\/\/farwell.ee\/en\/wp-json\/wp\/v2\/media\/29953"}],"wp:attachment":[{"href":"https:\/\/farwell.ee\/en\/wp-json\/wp\/v2\/media?parent=29952"}],"wp:term":[{"taxonomy":"product_brand","embeddable":true,"href":"https:\/\/farwell.ee\/en\/wp-json\/wp\/v2\/product_brand?post=29952"},{"taxonomy":"product_cat","embeddable":true,"href":"https:\/\/farwell.ee\/en\/wp-json\/wp\/v2\/product_cat?post=29952"},{"taxonomy":"product_tag","embeddable":true,"href":"https:\/\/farwell.ee\/en\/wp-json\/wp\/v2\/product_tag?post=29952"}],"curies":[{"name":"wp","href":"https:\/\/api.w.org\/{rel}","templated":true}]}}