{"id":29942,"date":"2024-07-30T19:16:56","date_gmt":"2024-07-30T16:16:56","guid":{"rendered":"https:\/\/farwell.ee\/?post_type=product&#038;p=29942"},"modified":"2024-07-31T14:57:38","modified_gmt":"2024-07-31T11:57:38","slug":"koogiviljatukeldaja-750w-2-kiirusega-trs","status":"publish","type":"product","link":"https:\/\/farwell.ee\/en\/product\/koogiviljatukeldaja-750w-2-kiirusega-trs\/","title":{"rendered":"K\u00f6\u00f6giviljat\u00fckeldaja 750W 2-kiirusega TRS"},"content":{"rendered":"","protected":false},"excerpt":{"rendered":"<p><strong>*hinnale lisandub k\u00e4ibemaks<\/strong><\/p>\n<ul>\n<li>Universaalne juurviljal\u00f5ikur on v\u00f5imeline t\u00e4nu rohkem kui 40 erinevale pesumasinas pestava roostevabast terasest valmistatud terale sooritama rohkem kui 80 erinevat l\u00f5ikamist ja t\u00fckeldamist<\/li>\n<li>Toiduga kokku puutuvad osad \u2013 roostevabast terasest t\u00f5ukur, s\u00f6\u00f6tepunker\u00a0ja l\u00f5ikekamber \u2013 on ilma t\u00f6\u00f6riistadeta eemaldatavad ja mugavalt\u00a0n\u00f5udepesumasinas pestavad<\/li>\n<li>Kompaktne ja ergonoomiline disain ja kasutajas\u00f5bralik k\u00e4epide (paremaja vasakuk\u00e4elise kasutaja jaoks m\u00f5eldud, parema survekontrolliga, v\u00e4iksema\u00a0koormusega k\u00e4tele ja \u00f5lale)<\/li>\n<li>Kallutatud alus (20\u00b0) h\u00f5lbustab tooraine s\u00f6\u00f6tmise ja v\u00e4ljutamise toiminguid<\/li>\n<li>Pikkade k\u00f6\u00f6giviljade s\u00f6\u00f6tur (60 mm l\u00e4bim\u00f5\u00f5duga) on integreeritud roostevabast terasest laia 3\/4 kuu kujulisse s\u00f6\u00f6turisse (215 cm\u00b2)<\/li>\n<li>As\u00fcnkroonne t\u00f6\u00f6stuslik mootor suure koormusega t\u00f6\u00f6ks ja seadme pikemaks elueaks<\/li>\n<li>GNkonteinerite k\u00f5rge t\u00e4itmistsoon (kuni 20 cm)<\/li>\n<li>Pulseeriv juhtimine t\u00e4pseks viilutamiseks<\/li>\n<li>Automaatne k\u00e4ivitamise\/seiskamise funktsioon peatab masina kui t\u00f5ukurit t\u00f5stetakse ja langetamisel k\u00e4ivitab automaatselt uuesti<\/li>\n<li>Veekindel (IP55) juhtpaneel ja alumiiniumsulamist mootori korpus on t\u00e4ielikult suletud, et seadet t\u00e4ielikult kaitsta tugevate veejugade eest<\/li>\n<\/ul>\n<p>M\u00f5\u00f5tmed: 252x500x515 mm<\/p>\n<p>V\u00f5imsus: 0.75 kW<\/p>\n<p>Kaubam\u00e4rk: Electrolux Professional<\/p>\n<p>Tooteleht: <a href=\"https:\/\/farwell.ee\/wp-content\/uploads\/600468.pdf\">600468<\/a><\/p>","protected":false},"featured_media":29944,"template":"","meta":{"_acf_changed":false,"inline_featured_image":false},"product_brand":[],"product_cat":[9700],"product_tag":[],"class_list":{"0":"post-29942","1":"product","2":"type-product","3":"status-publish","4":"has-post-thumbnail","6":"product_cat-juurviljatukeldajad","8":"first","9":"outofstock","10":"shipping-taxable","11":"purchasable","12":"product-type-simple"},"acf":[],"_links":{"self":[{"href":"https:\/\/farwell.ee\/en\/wp-json\/wp\/v2\/product\/29942","targetHints":{"allow":["GET"]}}],"collection":[{"href":"https:\/\/farwell.ee\/en\/wp-json\/wp\/v2\/product"}],"about":[{"href":"https:\/\/farwell.ee\/en\/wp-json\/wp\/v2\/types\/product"}],"wp:featuredmedia":[{"embeddable":true,"href":"https:\/\/farwell.ee\/en\/wp-json\/wp\/v2\/media\/29944"}],"wp:attachment":[{"href":"https:\/\/farwell.ee\/en\/wp-json\/wp\/v2\/media?parent=29942"}],"wp:term":[{"taxonomy":"product_brand","embeddable":true,"href":"https:\/\/farwell.ee\/en\/wp-json\/wp\/v2\/product_brand?post=29942"},{"taxonomy":"product_cat","embeddable":true,"href":"https:\/\/farwell.ee\/en\/wp-json\/wp\/v2\/product_cat?post=29942"},{"taxonomy":"product_tag","embeddable":true,"href":"https:\/\/farwell.ee\/en\/wp-json\/wp\/v2\/product_tag?post=29942"}],"curies":[{"name":"wp","href":"https:\/\/api.w.org\/{rel}","templated":true}]}}