{"id":29935,"date":"2024-07-30T19:01:03","date_gmt":"2024-07-30T16:01:03","guid":{"rendered":"https:\/\/farwell.ee\/?post_type=product&#038;p=29935"},"modified":"2024-07-31T14:05:59","modified_gmt":"2024-07-31T11:05:59","slug":"koogiviljatukeldaja-500w-1-kiirusega-trs","status":"publish","type":"product","link":"https:\/\/farwell.ee\/en\/product\/koogiviljatukeldaja-500w-1-kiirusega-trs\/","title":{"rendered":"K\u00f6\u00f6giviljat\u00fckeldaja 500W 1-kiirusega TRS"},"content":{"rendered":"","protected":false},"excerpt":{"rendered":"<p><strong>*hinnale lisandub k\u00e4ibemaks<\/strong><\/p>\n<ul>\n<li>Universal vegetable slicer for more than 80 different types of cuts, thanks to several stainless steel dw safe discs<\/li>\n<li>Parts in contact with food &#8211; stainless steel lever, stainless steel hopper and cutting chamber &#8211; can be removed without tools and placed in a dishwasher for fast cleaning<\/li>\n<li>Compact and ergonomic design, user-friendly lever (better pressure control, with less effort for arms and shoulder), designed for right and left handed users<\/li>\n<li>Angled base (20\u00b0) facilitates loading and unloading operations<\/li>\n<li>Long vegetable hopper (55,5mm diameter), integrated in the wide 3\/4 moon round hopper (215cm\u00b2) in stainless steel<\/li>\n<li>Asynchronous industrial motor for heavy duty and longer life<\/li>\n<li>High discharge zone (up to 20cm) for GN containers<\/li>\n<li>1 speed (400rpm) and pulse control for precise slicing<\/li>\n<li>Automatic start\/stop function will stop the machine when the lever hopper is lifted and will restart automatically when lowered<\/li>\n<li>Waterproof control panel and aluminium alloy motor base completely closed for complete protection against strong jets of water<\/li>\n<\/ul>\n<p>M\u00f5\u00f5tmed: 252x500x515 mm<\/p>\n<p>V\u00f5imsus: 0.5 kW<\/p>\n<p>Kaubam\u00e4rk: Electrolux Professional<\/p>\n<p>Tooteleht: <a href=\"https:\/\/farwell.ee\/wp-content\/uploads\/600471.pdf\">600471<\/a><\/p>","protected":false},"featured_media":29936,"template":"","meta":{"_acf_changed":false,"inline_featured_image":false},"product_brand":[],"product_cat":[9700],"product_tag":[],"class_list":{"0":"post-29935","1":"product","2":"type-product","3":"status-publish","4":"has-post-thumbnail","6":"product_cat-juurviljatukeldajad","8":"first","9":"outofstock","10":"shipping-taxable","11":"purchasable","12":"product-type-simple"},"acf":[],"_links":{"self":[{"href":"https:\/\/farwell.ee\/en\/wp-json\/wp\/v2\/product\/29935","targetHints":{"allow":["GET"]}}],"collection":[{"href":"https:\/\/farwell.ee\/en\/wp-json\/wp\/v2\/product"}],"about":[{"href":"https:\/\/farwell.ee\/en\/wp-json\/wp\/v2\/types\/product"}],"wp:featuredmedia":[{"embeddable":true,"href":"https:\/\/farwell.ee\/en\/wp-json\/wp\/v2\/media\/29936"}],"wp:attachment":[{"href":"https:\/\/farwell.ee\/en\/wp-json\/wp\/v2\/media?parent=29935"}],"wp:term":[{"taxonomy":"product_brand","embeddable":true,"href":"https:\/\/farwell.ee\/en\/wp-json\/wp\/v2\/product_brand?post=29935"},{"taxonomy":"product_cat","embeddable":true,"href":"https:\/\/farwell.ee\/en\/wp-json\/wp\/v2\/product_cat?post=29935"},{"taxonomy":"product_tag","embeddable":true,"href":"https:\/\/farwell.ee\/en\/wp-json\/wp\/v2\/product_tag?post=29935"}],"curies":[{"name":"wp","href":"https:\/\/api.w.org\/{rel}","templated":true}]}}