{"id":29906,"date":"2024-07-30T15:50:31","date_gmt":"2024-07-30T12:50:31","guid":{"rendered":"https:\/\/farwell.ee\/?post_type=product&#038;p=29906"},"modified":"2024-07-31T14:20:33","modified_gmt":"2024-07-31T11:20:33","slug":"elektriline-keedukatel-80l-segajaga-variomix","status":"publish","type":"product","link":"https:\/\/farwell.ee\/en\/product\/elektriline-keedukatel-80l-segajaga-variomix\/","title":{"rendered":"Elektriline keedukatel 80L segajaga Variomix"},"content":{"rendered":"","protected":false},"excerpt":{"rendered":"<p><strong>*hinnale lisandub k\u00e4ibemaks<\/strong><\/p>\n<ul>\n<li>AISI 304 roostevabast terasest konstruktsioon; AISI 316 roostevabast terasest valmistatud katla siseosal on \u00fcmarad servad<\/li>\n<li>Toidu t\u00e4ielikuks t\u00fchjendamiseks saab katelt kallutada \u00fcle 90 \u00b0<\/li>\n<li>Mootoriga kallutamine kallutusteljega, mis asetseb katla esiosas, et hoida t\u00fchjendusnokka k\u00f5rgel ja v\u00f5imaldada t\u00e4ita k\u00f5rgemaid GN n\u00f5usid<\/li>\n<li>Toitu soojendatakse p\u00f5hja ja k\u00fclgseinte kaudu \u00fchtlaselt, aurus\u00e4rgi kaudse kuumutuss\u00fcsteemi abil, kasutades integreeritud gaasilist k\u00fcllastunud auru temperatuuril 120 \u00b0 C ja vees\u00e4rgil on automaatne \u00f5hutus\u00fcsteem<\/li>\n<li>Ohutusventiil v\u00e4ldib aurude \u00fcler\u00f5hku vees\u00e4rgis<\/li>\n<li>Ohutustermostaat kaitseb madala veetaseme eest<\/li>\n<li>Maksimaalne r\u00f5hk 1,5 bar<\/li>\n<li>Programmeeritav vee t\u00e4itmise s\u00fcsteem<\/li>\n<li>Segaja kiirus 20 kuni 100 p\u00f6\u00f6ret minutis<\/li>\n<li>Vahustamists\u00fckkel v\u00f5imaldab kasutada kiirust kuni 200 p\u00f6\u00f6ret minutis<\/li>\n<li>Pidev segamine v\u00f5i 2 erinevas suunas p\u00f6\u00f6rlev segaja koos v\u00f5imalusega vahepealsete pausiaegade lisamisega<\/li>\n<li>Sammuprogramm h\u00f5lbustab toidu katlast eemaldamist<\/li>\n<li>Suur soojusv\u00f5imsus ja kiire soojenemine<\/li>\n<li>SMART-elektrooniline juhtimine koos v\u00f5imalusega salvestada 50 programmi; veateadete s\u00fcsteems; juhttablool kuvatakse: toiduvalmistamise aeg ja temperatuur, vee t\u00e4itmine, segaja kiirus<\/li>\n<li>Tugeva konstruktsiooniga tasakaalustatud roostevabast terasest kaas, kerge eemaldada ja keerata vertikaalasendisse puhastamise h\u00f5lpsamaks muutmiseks<\/li>\n<li>Isolatsioon tagab v\u00e4limistel paneelidel madalama temperatuuri<\/li>\n<li>Vahtmaterjalist soojusisolatsioon tagab k\u00fcpsetusn\u00f5u pinna jaheda \u00fclemise serva<\/li>\n<li>IPX5 veekaitse<\/li>\n<li>Eraldiseisva paigalduse jaoks on igale \u00fcksusele vajalik vasakpoolne jalg<\/li>\n<li>600 mm kallutusk\u00f5rgus<\/li>\n<\/ul>\n<p>M\u00f5\u00f5tmed: 1160x925x1050 mm<\/p>\n<p>V\u00f5imsus: 23.3 kW<\/p>\n<p>Kaubam\u00e4rk: Electrolux Professional<\/p>\n<p>Tooteleht: <a href=\"https:\/\/farwell.ee\/wp-content\/uploads\/232149.pdf\">232149<\/a><\/p>","protected":false},"featured_media":29907,"template":"","meta":{"_acf_changed":false,"inline_featured_image":false},"product_brand":[],"product_cat":[9671],"product_tag":[],"class_list":{"0":"post-29906","1":"product","2":"type-product","3":"status-publish","4":"has-post-thumbnail","6":"product_cat-keedukatlad","8":"first","9":"outofstock","10":"shipping-taxable","11":"purchasable","12":"product-type-simple"},"acf":[],"_links":{"self":[{"href":"https:\/\/farwell.ee\/en\/wp-json\/wp\/v2\/product\/29906","targetHints":{"allow":["GET"]}}],"collection":[{"href":"https:\/\/farwell.ee\/en\/wp-json\/wp\/v2\/product"}],"about":[{"href":"https:\/\/farwell.ee\/en\/wp-json\/wp\/v2\/types\/product"}],"wp:featuredmedia":[{"embeddable":true,"href":"https:\/\/farwell.ee\/en\/wp-json\/wp\/v2\/media\/29907"}],"wp:attachment":[{"href":"https:\/\/farwell.ee\/en\/wp-json\/wp\/v2\/media?parent=29906"}],"wp:term":[{"taxonomy":"product_brand","embeddable":true,"href":"https:\/\/farwell.ee\/en\/wp-json\/wp\/v2\/product_brand?post=29906"},{"taxonomy":"product_cat","embeddable":true,"href":"https:\/\/farwell.ee\/en\/wp-json\/wp\/v2\/product_cat?post=29906"},{"taxonomy":"product_tag","embeddable":true,"href":"https:\/\/farwell.ee\/en\/wp-json\/wp\/v2\/product_tag?post=29906"}],"curies":[{"name":"wp","href":"https:\/\/api.w.org\/{rel}","templated":true}]}}