{"id":29874,"date":"2024-07-28T17:18:05","date_gmt":"2024-07-28T14:18:05","guid":{"rendered":"https:\/\/farwell.ee\/?post_type=product&#038;p=29874"},"modified":"2024-07-30T09:31:31","modified_gmt":"2024-07-30T06:31:31","slug":"elektriline-keedukatel-60l-automaattaitega-easyline","status":"publish","type":"product","link":"https:\/\/farwell.ee\/en\/product\/elektriline-keedukatel-60l-automaattaitega-easyline\/","title":{"rendered":"Elektriline keedukatel 60L automaatt\u00e4itega EASYLINE"},"content":{"rendered":"","protected":false},"excerpt":{"rendered":"<p><strong>*hinnale lisandub k\u00e4ibemaks<\/strong><\/p>\n<ul>\n<li>304 AISI roostevabast terasest konstruktsioon koos \u00fcmardatud nurkadega pressitud n\u00f5uga, mis on valmistatud 304 AISI roostevabast terasest<\/li>\n<li>Katelt saab kallutada \u00fcle 90\u00b0 nurga t\u00e4ielikuks t\u00fchjendamiseks<\/li>\n<li>Motoriseeritud kallutus koos kallutusteljega asub katla keskosas v\u00f5imaldab \u00fclevooluava k\u00f5rgemal paiknemise ja lubab anumat k\u00f5rgemalt t\u00e4ita<\/li>\n<li>Vee automaatt\u00e4ide koos aurugeneraatoriga<\/li>\n<li>Elektrilised k\u00fctteelemendid asuvad otseselt katla vees\u00e4rgis<\/li>\n<li>Toit soojendatakse \u00fchtlaselt katla k\u00fclgedel ja p\u00f5hjas asuvast kuumutuss\u00fcsteemist k\u00fcllastatud auruga temperatuuril 108\u00b0C vees\u00e4rgis automaatse deaeratsioonis\u00fcsteemiga<\/li>\n<li>Ohutusklapp v\u00e4listab vees\u00e4rgis auru \u00fcler\u00f5hu<\/li>\n<li>Ohutustermostaat kaitseb madala veetemperatuuritaseme eest<\/li>\n<li>Maksimaalne r\u00f5hk on 0,5 baari<\/li>\n<li>Kiire soojatootlikkusega ja kiire kuumutusega<\/li>\n<li>Elektromehaaniline juhtimine<\/li>\n<li>V\u00e4liskesta temperatuur on madal<\/li>\n<li>Kaitseaste IPX5 veekindel.<\/li>\n<\/ul>\n<p>M\u00f5\u00f5tmed: 988x700x900 mm<\/p>\n<p>V\u00f5imsus: 12 kW<\/p>\n<p>Kaubam\u00e4rk: Electrolux Professional<\/p>\n<p>Tooteleht: <a href=\"https:\/\/farwell.ee\/wp-content\/uploads\/232187.pdf\">232187<\/a><\/p>","protected":false},"featured_media":29873,"template":"","meta":{"_acf_changed":false,"inline_featured_image":false},"product_brand":[],"product_cat":[9671],"product_tag":[],"class_list":{"0":"post-29874","1":"product","2":"type-product","3":"status-publish","4":"has-post-thumbnail","6":"product_cat-keedukatlad","8":"first","9":"outofstock","10":"shipping-taxable","11":"purchasable","12":"product-type-simple"},"acf":[],"_links":{"self":[{"href":"https:\/\/farwell.ee\/en\/wp-json\/wp\/v2\/product\/29874","targetHints":{"allow":["GET"]}}],"collection":[{"href":"https:\/\/farwell.ee\/en\/wp-json\/wp\/v2\/product"}],"about":[{"href":"https:\/\/farwell.ee\/en\/wp-json\/wp\/v2\/types\/product"}],"wp:featuredmedia":[{"embeddable":true,"href":"https:\/\/farwell.ee\/en\/wp-json\/wp\/v2\/media\/29873"}],"wp:attachment":[{"href":"https:\/\/farwell.ee\/en\/wp-json\/wp\/v2\/media?parent=29874"}],"wp:term":[{"taxonomy":"product_brand","embeddable":true,"href":"https:\/\/farwell.ee\/en\/wp-json\/wp\/v2\/product_brand?post=29874"},{"taxonomy":"product_cat","embeddable":true,"href":"https:\/\/farwell.ee\/en\/wp-json\/wp\/v2\/product_cat?post=29874"},{"taxonomy":"product_tag","embeddable":true,"href":"https:\/\/farwell.ee\/en\/wp-json\/wp\/v2\/product_tag?post=29874"}],"curies":[{"name":"wp","href":"https:\/\/api.w.org\/{rel}","templated":true}]}}