{"id":29761,"date":"2024-07-17T09:45:04","date_gmt":"2024-07-17T06:45:04","guid":{"rendered":"https:\/\/farwell.ee\/toode\/uldnuga-10cm-mikrohammastega-tera-linea\/"},"modified":"2026-03-26T11:45:04","modified_gmt":"2026-03-26T09:45:04","slug":"uldnuga-10cm-mikrohammastega-tera-linea","status":"publish","type":"product","link":"https:\/\/farwell.ee\/en\/product\/uldnuga-10cm-mikrohammastega-tera-linea\/","title":{"rendered":"\u00dcldnuga 10cm mikrohammastega tera Linea"},"content":{"rendered":"","protected":false},"excerpt":{"rendered":"<p>Mikrohammastega tera ei teritata !<br \/>\nMikrohammastega k\u00f6\u00f6ginuga sobib erinevate toiduainete l\u00f5ikamiseks: liha, kala, pagaritooted, leivatooted, juurviljad ja puuviljad.<br \/>\nT\u00e4nu \u00fcmarale otsale sobib see multifunktsionnalne nuga ka v\u00f5i, margariini ja erinevate sulatatud juustude m\u00e4\u00e4rimiseks leiva- ja saiatoodetele.<\/p>","protected":false},"featured_media":29760,"template":"","meta":{"_acf_changed":false,"inline_featured_image":false},"product_brand":[],"product_cat":[140],"product_tag":[],"class_list":{"0":"post-29761","1":"product","2":"type-product","3":"status-publish","4":"has-post-thumbnail","6":"product_cat-kooginoad","7":"pa_kaubamark-arcos-hermanos","9":"first","10":"instock","11":"shipping-taxable","12":"purchasable","13":"product-type-simple"},"acf":[],"_links":{"self":[{"href":"https:\/\/farwell.ee\/en\/wp-json\/wp\/v2\/product\/29761","targetHints":{"allow":["GET"]}}],"collection":[{"href":"https:\/\/farwell.ee\/en\/wp-json\/wp\/v2\/product"}],"about":[{"href":"https:\/\/farwell.ee\/en\/wp-json\/wp\/v2\/types\/product"}],"wp:featuredmedia":[{"embeddable":true,"href":"https:\/\/farwell.ee\/en\/wp-json\/wp\/v2\/media\/29760"}],"wp:attachment":[{"href":"https:\/\/farwell.ee\/en\/wp-json\/wp\/v2\/media?parent=29761"}],"wp:term":[{"taxonomy":"product_brand","embeddable":true,"href":"https:\/\/farwell.ee\/en\/wp-json\/wp\/v2\/product_brand?post=29761"},{"taxonomy":"product_cat","embeddable":true,"href":"https:\/\/farwell.ee\/en\/wp-json\/wp\/v2\/product_cat?post=29761"},{"taxonomy":"product_tag","embeddable":true,"href":"https:\/\/farwell.ee\/en\/wp-json\/wp\/v2\/product_tag?post=29761"}],"curies":[{"name":"wp","href":"https:\/\/api.w.org\/{rel}","templated":true}]}}