{"id":29665,"date":"2024-07-10T09:15:04","date_gmt":"2024-07-10T06:15:04","guid":{"rendered":"https:\/\/farwell.ee\/toode\/karbsepuudur-e-putukapuunis-13w-tohus-toimeraadius-15m\/"},"modified":"2026-02-19T11:00:07","modified_gmt":"2026-02-19T09:00:07","slug":"karbsepuudur-e-putukapuunis-13w-tohus-toimeraadius-15m","status":"publish","type":"product","link":"https:\/\/farwell.ee\/en\/product\/karbsepuudur-e-putukapuunis-13w-tohus-toimeraadius-15m\/","title":{"rendered":"K\u00e4rbsep\u00fc\u00fcdur e. putukap\u00fc\u00fcnis 13W, t\u00f5hus toimeraadius 15m"},"content":{"rendered":"","protected":false},"excerpt":{"rendered":"<p>K\u00e4rbsep\u00fc\u00fcdja e. putukap\u00fc\u00fcnis.<br \/>\nPutukad hukkuvad elektrivoolu toimel tugevusega 4000 V.<br \/>\nEemaldatav kogumisalus, lihtsasti puhastatav.<br \/>\nV\u00f5ib riputada kettide abil lakke v\u00f5i asetada riiulile v\u00f5i t\u00f6\u00f6pinnale.<br \/>\n\u00d6konoomne LED-tehnoloogia.<br \/>\n13 W\u00a0 UV-A-LED lambiga.<br \/>\nElekter: 0,01kW ,\u00a0 230 V , 50\/60 Hz.<br \/>\nM\u00f5eldud kasutamiseks siseruumides.<br \/>\nMudel\u00a0 IV-48.<\/p>","protected":false},"featured_media":36336,"template":"","meta":{"_acf_changed":false,"inline_featured_image":false},"product_brand":[],"product_cat":[10399],"product_tag":[],"class_list":{"0":"post-29665","1":"product","2":"type-product","3":"status-publish","4":"has-post-thumbnail","6":"product_cat-putukapuunised","7":"pa_kaubamark-bartscher","9":"first","10":"outofstock","11":"shipping-taxable","12":"purchasable","13":"product-type-simple"},"acf":[],"_links":{"self":[{"href":"https:\/\/farwell.ee\/en\/wp-json\/wp\/v2\/product\/29665","targetHints":{"allow":["GET"]}}],"collection":[{"href":"https:\/\/farwell.ee\/en\/wp-json\/wp\/v2\/product"}],"about":[{"href":"https:\/\/farwell.ee\/en\/wp-json\/wp\/v2\/types\/product"}],"wp:featuredmedia":[{"embeddable":true,"href":"https:\/\/farwell.ee\/en\/wp-json\/wp\/v2\/media\/36336"}],"wp:attachment":[{"href":"https:\/\/farwell.ee\/en\/wp-json\/wp\/v2\/media?parent=29665"}],"wp:term":[{"taxonomy":"product_brand","embeddable":true,"href":"https:\/\/farwell.ee\/en\/wp-json\/wp\/v2\/product_brand?post=29665"},{"taxonomy":"product_cat","embeddable":true,"href":"https:\/\/farwell.ee\/en\/wp-json\/wp\/v2\/product_cat?post=29665"},{"taxonomy":"product_tag","embeddable":true,"href":"https:\/\/farwell.ee\/en\/wp-json\/wp\/v2\/product_tag?post=29665"}],"curies":[{"name":"wp","href":"https:\/\/api.w.org\/{rel}","templated":true}]}}