{"id":29654,"date":"2024-07-09T11:30:04","date_gmt":"2024-07-09T08:30:04","guid":{"rendered":"https:\/\/farwell.ee\/toode\/frituur-8l-snack-iii-325kw\/"},"modified":"2026-04-16T14:00:10","modified_gmt":"2026-04-16T11:00:10","slug":"frituur-8l-snack-iii-voimsus-325kw","status":"publish","type":"product","link":"https:\/\/farwell.ee\/en\/product\/frituur-8l-snack-iii-voimsus-325kw\/","title":{"rendered":"Frit\u00fc\u00fcr 8L, v\u00f5imsus 3,25kW  SNACK III"},"content":{"rendered":"","protected":false},"excerpt":{"rendered":"<p>Pinge 230 V<br \/>\nSagedus 50 Hz<br \/>\nKorvi laius 195 mm<br \/>\nKorvi s\u00fcgavus 245 mm<br \/>\nKorvi k\u00f5rgus 140 mm<br \/>\nKorvi maht 5,5 liitrit<br \/>\nPaakide arv 1<br \/>\nPaagi e. \u00f5livanni maht 8 liitrit<br \/>\nKorvide arv 1<br \/>\nOhutustermostaat\u00a0 jah<br \/>\nTemperatuurivahemik alates 50 \u00b0C<br \/>\nTemperatuurivahemik kuni 190 \u00b0C<br \/>\nV\u00f5imsus 3,25 kW<br \/>\nMaterjal Roostevaba teras<br \/>\nLaius 305 mm<br \/>\nS\u00fcgavus 620 mm<br \/>\nK\u00f5rgus 340 mm<br \/>\nKaal 6,7 kg<\/p>","protected":false},"featured_media":33363,"template":"","meta":{"_acf_changed":false,"inline_featured_image":false},"product_brand":[],"product_cat":[5584],"product_tag":[],"class_list":{"0":"post-29654","1":"product","2":"type-product","3":"status-publish","4":"has-post-thumbnail","6":"product_cat-profifrituurid","7":"pa_kaubamark-bartscher","9":"first","10":"instock","11":"shipping-taxable","12":"purchasable","13":"product-type-simple"},"acf":[],"_links":{"self":[{"href":"https:\/\/farwell.ee\/en\/wp-json\/wp\/v2\/product\/29654","targetHints":{"allow":["GET"]}}],"collection":[{"href":"https:\/\/farwell.ee\/en\/wp-json\/wp\/v2\/product"}],"about":[{"href":"https:\/\/farwell.ee\/en\/wp-json\/wp\/v2\/types\/product"}],"wp:featuredmedia":[{"embeddable":true,"href":"https:\/\/farwell.ee\/en\/wp-json\/wp\/v2\/media\/33363"}],"wp:attachment":[{"href":"https:\/\/farwell.ee\/en\/wp-json\/wp\/v2\/media?parent=29654"}],"wp:term":[{"taxonomy":"product_brand","embeddable":true,"href":"https:\/\/farwell.ee\/en\/wp-json\/wp\/v2\/product_brand?post=29654"},{"taxonomy":"product_cat","embeddable":true,"href":"https:\/\/farwell.ee\/en\/wp-json\/wp\/v2\/product_cat?post=29654"},{"taxonomy":"product_tag","embeddable":true,"href":"https:\/\/farwell.ee\/en\/wp-json\/wp\/v2\/product_tag?post=29654"}],"curies":[{"name":"wp","href":"https:\/\/api.w.org\/{rel}","templated":true}]}}