{"id":29615,"date":"2024-07-03T11:30:05","date_gmt":"2024-07-03T08:30:05","guid":{"rendered":"https:\/\/farwell.ee\/toode\/kuttekeha-vedruga-marmiitidele-o-13cm-230v\/"},"modified":"2026-02-19T11:00:04","modified_gmt":"2026-02-19T09:00:04","slug":"kuttekeha-vedruga-marmiitidele-o-13cm-230v","status":"publish","type":"product","link":"https:\/\/farwell.ee\/en\/product\/kuttekeha-vedruga-marmiitidele-o-13cm-230v\/","title":{"rendered":"K\u00fcttekeha 450W vedruga, \u00d813cm, lauapealsetele marmiitidele"},"content":{"rendered":"","protected":false},"excerpt":{"rendered":"<p>Elektriline k\u00fcttekeha lauapealsetele marmiitidele.<br \/>\nElekter: 230V, 50\/60 Hz<\/p>","protected":false},"featured_media":32078,"template":"","meta":{"_acf_changed":false,"inline_featured_image":false},"product_brand":[],"product_cat":[147],"product_tag":[],"class_list":{"0":"post-29615","1":"product","2":"type-product","3":"status-publish","4":"has-post-thumbnail","6":"product_cat-marmiidid","7":"pa_kaubamark-bartscher","9":"first","10":"outofstock","11":"shipping-taxable","12":"purchasable","13":"product-type-simple"},"acf":[],"_links":{"self":[{"href":"https:\/\/farwell.ee\/en\/wp-json\/wp\/v2\/product\/29615","targetHints":{"allow":["GET"]}}],"collection":[{"href":"https:\/\/farwell.ee\/en\/wp-json\/wp\/v2\/product"}],"about":[{"href":"https:\/\/farwell.ee\/en\/wp-json\/wp\/v2\/types\/product"}],"wp:featuredmedia":[{"embeddable":true,"href":"https:\/\/farwell.ee\/en\/wp-json\/wp\/v2\/media\/32078"}],"wp:attachment":[{"href":"https:\/\/farwell.ee\/en\/wp-json\/wp\/v2\/media?parent=29615"}],"wp:term":[{"taxonomy":"product_brand","embeddable":true,"href":"https:\/\/farwell.ee\/en\/wp-json\/wp\/v2\/product_brand?post=29615"},{"taxonomy":"product_cat","embeddable":true,"href":"https:\/\/farwell.ee\/en\/wp-json\/wp\/v2\/product_cat?post=29615"},{"taxonomy":"product_tag","embeddable":true,"href":"https:\/\/farwell.ee\/en\/wp-json\/wp\/v2\/product_tag?post=29615"}],"curies":[{"name":"wp","href":"https:\/\/api.w.org\/{rel}","templated":true}]}}