{"id":29560,"date":"2024-06-25T11:15:04","date_gmt":"2024-06-25T08:15:04","guid":{"rendered":"https:\/\/farwell.ee\/toode\/tsirkulaator-e-sous-vide-15l\/"},"modified":"2026-04-02T10:45:14","modified_gmt":"2026-04-02T07:45:14","slug":"tsirkulaator-e-sous-vide-15l","status":"publish","type":"product","link":"https:\/\/farwell.ee\/en\/product\/tsirkulaator-e-sous-vide-15l\/","title":{"rendered":"Tsirkulaator e. Sous Vide 15L, 1300W"},"content":{"rendered":"","protected":false},"excerpt":{"rendered":"<p>Temperatuuri m\u00f5\u00f5t\u00fchikud: \u00b0C \/ \u00b0F<br \/>\nTemperatuurivahemik alates: +20\u00b0C<br \/>\nTemperatuurivahemik kuni: +95\u00b0C<br \/>\nTemperatuuri kontroll: elektrooniline, 0,5 \u00b0C sammuga<br \/>\nAja seadistus: 1 minut \u2013 59 tundi ja 59 minutit<br \/>\nIntervallide aja m\u00e4\u00e4ramine: 1 minut<br \/>\nGN-n\u00f5u v\u00f5i poti s\u00fcgavus: min. 190 mm<br \/>\nMaksimaalne veekogus: 15 liitrit<br \/>\nTaimer: jah<br \/>\nDigiekraan: jah<br \/>\nKuivk\u00e4igukaitse: jah<br \/>\nJuhtseade: elektrooniline<br \/>\nJuhtlamp:\u00a0 ei<br \/>\nOmadused: m\u00e4lu funktsioon<br \/>\nSignaalitoon p\u00e4rast aja m\u00f6\u00f6dumist<br \/>\nSobib p\u00fcsivaks \u00e4riliseks kasutamiseks: jah<br \/>\nV\u00f5imsus: 1,3 kW<br \/>\nPinge: 230 V<br \/>\nSagedus: 50\/60 Hz<\/p>","protected":false},"featured_media":29559,"template":"","meta":{"_acf_changed":false,"inline_featured_image":false},"product_brand":[],"product_cat":[5667],"product_tag":[],"class_list":{"0":"post-29560","1":"product","2":"type-product","3":"status-publish","4":"has-post-thumbnail","6":"product_cat-sous-vide-tsirkulaatorid","7":"pa_kaubamark-bartscher","9":"first","10":"instock","11":"shipping-taxable","12":"purchasable","13":"product-type-simple"},"acf":[],"_links":{"self":[{"href":"https:\/\/farwell.ee\/en\/wp-json\/wp\/v2\/product\/29560","targetHints":{"allow":["GET"]}}],"collection":[{"href":"https:\/\/farwell.ee\/en\/wp-json\/wp\/v2\/product"}],"about":[{"href":"https:\/\/farwell.ee\/en\/wp-json\/wp\/v2\/types\/product"}],"wp:featuredmedia":[{"embeddable":true,"href":"https:\/\/farwell.ee\/en\/wp-json\/wp\/v2\/media\/29559"}],"wp:attachment":[{"href":"https:\/\/farwell.ee\/en\/wp-json\/wp\/v2\/media?parent=29560"}],"wp:term":[{"taxonomy":"product_brand","embeddable":true,"href":"https:\/\/farwell.ee\/en\/wp-json\/wp\/v2\/product_brand?post=29560"},{"taxonomy":"product_cat","embeddable":true,"href":"https:\/\/farwell.ee\/en\/wp-json\/wp\/v2\/product_cat?post=29560"},{"taxonomy":"product_tag","embeddable":true,"href":"https:\/\/farwell.ee\/en\/wp-json\/wp\/v2\/product_tag?post=29560"}],"curies":[{"name":"wp","href":"https:\/\/api.w.org\/{rel}","templated":true}]}}