{"id":29452,"date":"2024-06-13T13:30:05","date_gmt":"2024-06-13T10:30:05","guid":{"rendered":"https:\/\/farwell.ee\/toode\/silikoonpintsel-29cm-bpa-vaba\/"},"modified":"2026-04-15T17:30:13","modified_gmt":"2026-04-15T14:30:13","slug":"silikoonpintsel-29cm-bpa-vaba","status":"publish","type":"product","link":"https:\/\/farwell.ee\/en\/product\/silikoonpintsel-29cm-bpa-vaba\/","title":{"rendered":"Silikoonpintsel 29cm lameda otsaga, BPA vaba"},"content":{"rendered":"","protected":false},"excerpt":{"rendered":"<p>Terasest korpusega silikoonist pintsel.<br \/>\nSilikoonist k\u00e4epidet on mugav k\u00e4es hoida.<br \/>\nSilikoonist kondiitripintsel sobib kasutamiseks igat t\u00fc\u00fcpi n\u00f5ude puhul, ka mittenakkuva sisekattega koogivormid ja ahjuplaadid.<br \/>\nMasinpestav.<br \/>\nBPA vaba.<\/p>\n<p>&nbsp;<\/p>","protected":false},"featured_media":29451,"template":"","meta":{"_acf_changed":false,"inline_featured_image":false},"product_brand":[],"product_cat":[153],"product_tag":[9555,9556],"class_list":{"0":"post-29452","1":"product","2":"type-product","3":"status-publish","4":"has-post-thumbnail","6":"product_cat-pintslid","7":"product_tag-kondiitripintsel-silikoonist","8":"product_tag-pintsel-silikoonist","9":"pa_kaubamark-lacor","11":"first","12":"outofstock","13":"shipping-taxable","14":"purchasable","15":"product-type-simple"},"acf":[],"_links":{"self":[{"href":"https:\/\/farwell.ee\/en\/wp-json\/wp\/v2\/product\/29452","targetHints":{"allow":["GET"]}}],"collection":[{"href":"https:\/\/farwell.ee\/en\/wp-json\/wp\/v2\/product"}],"about":[{"href":"https:\/\/farwell.ee\/en\/wp-json\/wp\/v2\/types\/product"}],"wp:featuredmedia":[{"embeddable":true,"href":"https:\/\/farwell.ee\/en\/wp-json\/wp\/v2\/media\/29451"}],"wp:attachment":[{"href":"https:\/\/farwell.ee\/en\/wp-json\/wp\/v2\/media?parent=29452"}],"wp:term":[{"taxonomy":"product_brand","embeddable":true,"href":"https:\/\/farwell.ee\/en\/wp-json\/wp\/v2\/product_brand?post=29452"},{"taxonomy":"product_cat","embeddable":true,"href":"https:\/\/farwell.ee\/en\/wp-json\/wp\/v2\/product_cat?post=29452"},{"taxonomy":"product_tag","embeddable":true,"href":"https:\/\/farwell.ee\/en\/wp-json\/wp\/v2\/product_tag?post=29452"}],"curies":[{"name":"wp","href":"https:\/\/api.w.org\/{rel}","templated":true}]}}