{"id":29442,"date":"2024-06-13T13:00:05","date_gmt":"2024-06-13T10:00:05","guid":{"rendered":"https:\/\/farwell.ee\/toode\/terakaitse-265x5cm\/"},"modified":"2026-02-04T15:15:04","modified_gmt":"2026-02-04T13:15:04","slug":"terakaitse-265x5cm","status":"publish","type":"product","link":"https:\/\/farwell.ee\/en\/product\/terakaitse-265x5cm\/","title":{"rendered":"Terakaitse 26,5x5cm"},"content":{"rendered":"","protected":false},"excerpt":{"rendered":"<p>Plastikust teraskaitse k\u00f5rgusega 5cm.<br \/>\nTerakaitse vahele mahub kuni 26cm teraga nuga ja seda saab l\u00f5igata k\u00e4\u00e4ridega, et sobitada veelgi l\u00fchematele nugadele.<br \/>\nTerakaitse on mugav kas lisakaitsena noakotis v\u00f5i nugade eraldi hoidmisel.<br \/>\nKriimustuskindel sametine sisepind.<\/p>","protected":false},"featured_media":29441,"template":"","meta":{"_acf_changed":false,"inline_featured_image":false},"product_brand":[],"product_cat":[140],"product_tag":[],"class_list":{"0":"post-29442","1":"product","2":"type-product","3":"status-publish","4":"has-post-thumbnail","6":"product_cat-kooginoad","7":"pa_kaubamark-chez-marius","9":"first","10":"outofstock","11":"shipping-taxable","12":"purchasable","13":"product-type-simple"},"acf":[],"_links":{"self":[{"href":"https:\/\/farwell.ee\/en\/wp-json\/wp\/v2\/product\/29442","targetHints":{"allow":["GET"]}}],"collection":[{"href":"https:\/\/farwell.ee\/en\/wp-json\/wp\/v2\/product"}],"about":[{"href":"https:\/\/farwell.ee\/en\/wp-json\/wp\/v2\/types\/product"}],"wp:featuredmedia":[{"embeddable":true,"href":"https:\/\/farwell.ee\/en\/wp-json\/wp\/v2\/media\/29441"}],"wp:attachment":[{"href":"https:\/\/farwell.ee\/en\/wp-json\/wp\/v2\/media?parent=29442"}],"wp:term":[{"taxonomy":"product_brand","embeddable":true,"href":"https:\/\/farwell.ee\/en\/wp-json\/wp\/v2\/product_brand?post=29442"},{"taxonomy":"product_cat","embeddable":true,"href":"https:\/\/farwell.ee\/en\/wp-json\/wp\/v2\/product_cat?post=29442"},{"taxonomy":"product_tag","embeddable":true,"href":"https:\/\/farwell.ee\/en\/wp-json\/wp\/v2\/product_tag?post=29442"}],"curies":[{"name":"wp","href":"https:\/\/api.w.org\/{rel}","templated":true}]}}