{"id":29333,"date":"2024-06-07T14:00:05","date_gmt":"2024-06-07T11:00:05","guid":{"rendered":"https:\/\/farwell.ee\/toode\/viilutamisnuga-23cm-37-kihiline-damaskus-vg-10-zen\/"},"modified":"2025-07-01T14:45:10","modified_gmt":"2025-07-01T11:45:10","slug":"viilutamisnuga-23cm-37-kihiline-damaskus-vg-10-zen","status":"publish","type":"product","link":"https:\/\/farwell.ee\/en\/product\/viilutamisnuga-23cm-37-kihiline-damaskus-vg-10-zen\/","title":{"rendered":"Viilutamisnuga 23cm 37-kihiline Damaskus VG-10 ZEN"},"content":{"rendered":"","protected":false},"excerpt":{"rendered":"<p>Yaxell ZEN sarja jaapani kokanoad on valmistatud 37-kihilisest damascuse terasest.<br \/>\nTuumikmaterjal VG10 \u201esuper teras\u201c koosneb koobaltist, mol\u00fcbdeenist, vanaadiumist ja s\u00fcsinikust.<br \/>\nVG10 k\u00f5rgs\u00fcsinikteras on kaetud m\u00f5lemalt poolt 18-kihilise pehmema roostevaba terase kihiga, mis annab nugadele vajaliku stabiilsuse ja elastsuse.<br \/>\nSpetsiaalne kuumt\u00f6\u00f6lemine annab teradele v\u00e4ljapaistva k\u00f5vaduse , mis on Rockwelli skaalas HRC61.<br \/>\nTera vasardatud <em>&#8220;tsuchime&#8221;<\/em> pinnat\u00f6\u00f6tlus tagab, et iga nuga on kordumatu v\u00e4limusega.<\/p>\n<p>K\u00e4epide on valmistatud mustast Canvas-Micarta\u00b4st (lina ja loodusliku vaigu segu), mis on l\u00f5hnavaba ja tohutult vastupidav materjal.<br \/>\nKaks roostevabast terasest neeti kinnitavad k\u00e4epideme tihedalt.<br \/>\nZEN sarja kokanugade teritusnurk on 10 kraadi.<br \/>\nS\u00f5na ZEN t\u00e4hendab t\u00f5lkes &#8220;k\u00f5ige tervislikum toit&#8221;.<br \/>\nValmistatud Jaapanis.<\/p>","protected":false},"featured_media":29334,"template":"","meta":{"_acf_changed":false,"inline_featured_image":false},"product_brand":[],"product_cat":[140],"product_tag":[9509],"class_list":{"0":"post-29333","1":"product","2":"type-product","3":"status-publish","4":"has-post-thumbnail","6":"product_cat-kooginoad","7":"product_tag-viilutusnuga","8":"pa_kaubamark-yaxell","10":"first","11":"outofstock","12":"shipping-taxable","13":"purchasable","14":"product-type-simple"},"acf":[],"_links":{"self":[{"href":"https:\/\/farwell.ee\/en\/wp-json\/wp\/v2\/product\/29333","targetHints":{"allow":["GET"]}}],"collection":[{"href":"https:\/\/farwell.ee\/en\/wp-json\/wp\/v2\/product"}],"about":[{"href":"https:\/\/farwell.ee\/en\/wp-json\/wp\/v2\/types\/product"}],"wp:featuredmedia":[{"embeddable":true,"href":"https:\/\/farwell.ee\/en\/wp-json\/wp\/v2\/media\/29334"}],"wp:attachment":[{"href":"https:\/\/farwell.ee\/en\/wp-json\/wp\/v2\/media?parent=29333"}],"wp:term":[{"taxonomy":"product_brand","embeddable":true,"href":"https:\/\/farwell.ee\/en\/wp-json\/wp\/v2\/product_brand?post=29333"},{"taxonomy":"product_cat","embeddable":true,"href":"https:\/\/farwell.ee\/en\/wp-json\/wp\/v2\/product_cat?post=29333"},{"taxonomy":"product_tag","embeddable":true,"href":"https:\/\/farwell.ee\/en\/wp-json\/wp\/v2\/product_tag?post=29333"}],"curies":[{"name":"wp","href":"https:\/\/api.w.org\/{rel}","templated":true}]}}