{"id":29316,"date":"2024-06-06T15:45:04","date_gmt":"2024-06-06T12:45:04","guid":{"rendered":"https:\/\/farwell.ee\/toode\/lihahaamer-28cm-alumiiniumist-2\/"},"modified":"2026-04-07T12:30:12","modified_gmt":"2026-04-07T09:30:12","slug":"lihahaamer-28cm-alumiiniumist-2","status":"publish","type":"product","link":"https:\/\/farwell.ee\/en\/product\/lihahaamer-28cm-alumiiniumist-2\/","title":{"rendered":"Lihahaamer 28cm alumiiniumist Fatty"},"content":{"rendered":"","protected":false},"excerpt":{"rendered":"<p>Suur ja raske lihahaamer, kaal 634 g<br \/>\nKaks erinevat l\u00f6\u00f6gipinda (\u00f8 75 mm) &#8211; \u00fcks ogadega ja teine \u200b\u200bsilega pinnaga.<br \/>\nMasinpesu ei ole lubatud !<\/p>","protected":false},"featured_media":29319,"template":"","meta":{"_acf_changed":false,"inline_featured_image":false},"product_brand":[],"product_cat":[144],"product_tag":[],"class_list":{"0":"post-29316","1":"product","2":"type-product","3":"status-publish","4":"has-post-thumbnail","6":"product_cat-lihahaamrid","7":"pa_kaubamark-westmark","9":"first","10":"instock","11":"shipping-taxable","12":"purchasable","13":"product-type-simple"},"acf":[],"_links":{"self":[{"href":"https:\/\/farwell.ee\/en\/wp-json\/wp\/v2\/product\/29316","targetHints":{"allow":["GET"]}}],"collection":[{"href":"https:\/\/farwell.ee\/en\/wp-json\/wp\/v2\/product"}],"about":[{"href":"https:\/\/farwell.ee\/en\/wp-json\/wp\/v2\/types\/product"}],"wp:featuredmedia":[{"embeddable":true,"href":"https:\/\/farwell.ee\/en\/wp-json\/wp\/v2\/media\/29319"}],"wp:attachment":[{"href":"https:\/\/farwell.ee\/en\/wp-json\/wp\/v2\/media?parent=29316"}],"wp:term":[{"taxonomy":"product_brand","embeddable":true,"href":"https:\/\/farwell.ee\/en\/wp-json\/wp\/v2\/product_brand?post=29316"},{"taxonomy":"product_cat","embeddable":true,"href":"https:\/\/farwell.ee\/en\/wp-json\/wp\/v2\/product_cat?post=29316"},{"taxonomy":"product_tag","embeddable":true,"href":"https:\/\/farwell.ee\/en\/wp-json\/wp\/v2\/product_tag?post=29316"}],"curies":[{"name":"wp","href":"https:\/\/api.w.org\/{rel}","templated":true}]}}