{"id":29094,"date":"2024-05-17T12:15:04","date_gmt":"2024-05-17T09:15:04","guid":{"rendered":"https:\/\/farwell.ee\/toode\/kokanuga-165cm-vg-5-3-kihiline-santoku-kaneyoshi\/"},"modified":"2025-12-09T11:15:05","modified_gmt":"2025-12-09T09:15:05","slug":"kokanuga-165cm-vg-5-3-kihiline-santoku-kaneyoshi","status":"publish","type":"product","link":"https:\/\/farwell.ee\/en\/product\/kokanuga-165cm-vg-5-3-kihiline-santoku-kaneyoshi\/","title":{"rendered":"Kokanuga 16,5cm 3-kihiline VG-5 Santoku Kaneyoshi"},"content":{"rendered":"","protected":false},"excerpt":{"rendered":"<p>Kaneyoshi on v\u00e4ike Jaapani m\u00f5\u00f5gavabrik, mis toodab ainult nelja erinevat t\u00fc\u00fcpi kokanuga.<\/p>\n<p>Kaneyoshi Santoku kolmekihilise tera s\u00fcdamik on k\u00f5vast VG 5 s\u00fcsinikterasest.<br \/>\nSelle \u00fcmber on m\u00f5lemal k\u00fcljel lamineeritud painduvama roostevaba terase kiht.<br \/>\nVG 5 terase k\u00f5vadus on Rockwelli skaalal HRC 59.<br \/>\nK\u00e4epide on valmistatud vineerist.<\/p>\n<p>Kaneyoshi nugade teritusnurk on 10 kraadi.<\/p>\n<p>Jaapani k\u00f6\u00f6ginoad on v\u00e4ga k\u00f5vad ja \u00f5hukesest metallist.<br \/>\nSeet\u00f5ttu ei tohi nendega vasardada ega l\u00f5igata k\u00f5vasid materjale, nagu k\u00fclmutatud v\u00f5i kondine liha, kookosp\u00e4hkel, konservikarbid jne.<br \/>\nTerase k\u00fcljest v\u00f5ib t\u00fckke lahti tulla ja kahjustada tera p\u00f6\u00f6rdumatult.<\/p>\n<p>Kvaliteetseid k\u00f6\u00f6ginugasid ei tohi ka kunagi pesta n\u00f5udepesumasinas, soovitavalt kohe p\u00e4rast kasutamist koos kiire k\u00e4sipesu ja kuivatamisega.<br \/>\nK\u00f5ik lahendused sobivad hoiustamiseks, kus nugade terad ei puutu omavahel kokku, n\u00e4iteks magnetliistul v\u00f5i nugadepakus.<\/p>","protected":false},"featured_media":33365,"template":"","meta":{"_acf_changed":false,"inline_featured_image":false},"product_brand":[],"product_cat":[140],"product_tag":[],"class_list":{"0":"post-29094","1":"product","2":"type-product","3":"status-publish","4":"has-post-thumbnail","6":"product_cat-kooginoad","7":"pa_kaubamark-kaneyoshi","9":"first","10":"instock","11":"shipping-taxable","12":"purchasable","13":"product-type-simple"},"acf":[],"_links":{"self":[{"href":"https:\/\/farwell.ee\/en\/wp-json\/wp\/v2\/product\/29094","targetHints":{"allow":["GET"]}}],"collection":[{"href":"https:\/\/farwell.ee\/en\/wp-json\/wp\/v2\/product"}],"about":[{"href":"https:\/\/farwell.ee\/en\/wp-json\/wp\/v2\/types\/product"}],"wp:featuredmedia":[{"embeddable":true,"href":"https:\/\/farwell.ee\/en\/wp-json\/wp\/v2\/media\/33365"}],"wp:attachment":[{"href":"https:\/\/farwell.ee\/en\/wp-json\/wp\/v2\/media?parent=29094"}],"wp:term":[{"taxonomy":"product_brand","embeddable":true,"href":"https:\/\/farwell.ee\/en\/wp-json\/wp\/v2\/product_brand?post=29094"},{"taxonomy":"product_cat","embeddable":true,"href":"https:\/\/farwell.ee\/en\/wp-json\/wp\/v2\/product_cat?post=29094"},{"taxonomy":"product_tag","embeddable":true,"href":"https:\/\/farwell.ee\/en\/wp-json\/wp\/v2\/product_tag?post=29094"}],"curies":[{"name":"wp","href":"https:\/\/api.w.org\/{rel}","templated":true}]}}