{"id":29009,"date":"2024-05-15T11:30:04","date_gmt":"2024-05-15T08:30:04","guid":{"rendered":"https:\/\/farwell.ee\/toode\/termokandik-44x37x12cm-sinine-epp-vahtplast-dinner-box-2\/"},"modified":"2025-10-21T08:30:04","modified_gmt":"2025-10-21T05:30:04","slug":"termokandik-44x37x12cm-sinine-epp-vahtplast-dinner-box-2","status":"publish","type":"product","link":"https:\/\/farwell.ee\/en\/product\/termokandik-44x37x12cm-sinine-epp-vahtplast-dinner-box-2\/","title":{"rendered":"Termokandik 44x37x12cm sinine EPP-vahtplast, Dinner Box +2"},"content":{"rendered":"","protected":false},"excerpt":{"rendered":"<p>Termokandikusse mahub: \u00fcmmargune taldrik 25,5cm v\u00f5i nelinurkne taldrik 23&#215;17,5cm ning kaks kaussi mahuga 300ml.<\/p>\n<p>M\u00f5\u00f5dud 44x37x12cm , korpuse paksus 2cm.<br \/>\nMaterjali tihedus: 60 g\/l<br \/>\nKaal 700g.<br \/>\nMasinpesukindel ja ladustatav.<br \/>\nP\u00e4rast pesu peab kandik avatult kuivama.<br \/>\nTermokandik ei sisalda n\u00f5usid ja kaasi.<\/p>\n<p>Dinner Box +2 termokandik on varustatud kahe eraldi kliimav\u00f6\u00f6ndiga, et eraldada &#8220;kuum ja k\u00fclm&#8221;.<br \/>\nV\u00e4lisk\u00fcljel on v\u00e4rvim\u00e4rgistuse v\u00e4ljad.<br \/>\nTermokandikut on lihtne virnastada, mitut kasti saab ohutult transportida ilma libisemiseta.<\/p>\n<p>Sobilikud taldrikud ja kausid on koodidega 30010, 30020, 30040, 30140, 30070.<\/p>","protected":false},"featured_media":29008,"template":"","meta":{"_acf_changed":false,"inline_featured_image":false},"product_brand":[],"product_cat":[6015],"product_tag":[],"class_list":{"0":"post-29009","1":"product","2":"type-product","3":"status-publish","4":"has-post-thumbnail","6":"product_cat-termokandikud","7":"pa_kaubamark-thermo-future-box","9":"first","10":"outofstock","11":"shipping-taxable","12":"purchasable","13":"product-type-simple"},"acf":[],"_links":{"self":[{"href":"https:\/\/farwell.ee\/en\/wp-json\/wp\/v2\/product\/29009","targetHints":{"allow":["GET"]}}],"collection":[{"href":"https:\/\/farwell.ee\/en\/wp-json\/wp\/v2\/product"}],"about":[{"href":"https:\/\/farwell.ee\/en\/wp-json\/wp\/v2\/types\/product"}],"wp:featuredmedia":[{"embeddable":true,"href":"https:\/\/farwell.ee\/en\/wp-json\/wp\/v2\/media\/29008"}],"wp:attachment":[{"href":"https:\/\/farwell.ee\/en\/wp-json\/wp\/v2\/media?parent=29009"}],"wp:term":[{"taxonomy":"product_brand","embeddable":true,"href":"https:\/\/farwell.ee\/en\/wp-json\/wp\/v2\/product_brand?post=29009"},{"taxonomy":"product_cat","embeddable":true,"href":"https:\/\/farwell.ee\/en\/wp-json\/wp\/v2\/product_cat?post=29009"},{"taxonomy":"product_tag","embeddable":true,"href":"https:\/\/farwell.ee\/en\/wp-json\/wp\/v2\/product_tag?post=29009"}],"curies":[{"name":"wp","href":"https:\/\/api.w.org\/{rel}","templated":true}]}}