{"id":28902,"date":"2024-05-09T11:15:04","date_gmt":"2024-05-09T08:15:04","guid":{"rendered":"https:\/\/farwell.ee\/toode\/terituskivi-ehk-vesiluisk-kahepoolne-220-1000dmi-naniwa\/"},"modified":"2026-01-09T11:00:08","modified_gmt":"2026-01-09T09:00:08","slug":"terituskivi-ehk-vesiluisk-kahepoolne-220-1000dmi-naniwa","status":"publish","type":"product","link":"https:\/\/farwell.ee\/en\/product\/terituskivi-ehk-vesiluisk-kahepoolne-220-1000dmi-naniwa\/","title":{"rendered":"Terituskivi ehk vesiluisk kahepoolne 220\/1000dmi Naniwa"},"content":{"rendered":"","protected":false},"excerpt":{"rendered":"<p>220 dmi teralisusega vesiluisk on m\u00f5eldud jmeterituseks ehk n\u00fcristunud ja s\u00e4lguliseks muutunud l\u00f5iketera taastamiseks.<br \/>\n1000 dmi teralisusega vesiluisk on m\u00f5eldud eelk\u00f5ige l\u00f5iketerade hooldusterituseks ehk siis nugade puhul, mis on veel heas korras ja ei ole p\u00e4ris n\u00fcrid.<br \/>\nTerituskivi on plastikust konteineris, mis toimib kivihoidjana.<\/p>","protected":false},"featured_media":28901,"template":"","meta":{"_acf_changed":false,"inline_featured_image":false},"product_brand":[],"product_cat":[140],"product_tag":[],"class_list":{"0":"post-28902","1":"product","2":"type-product","3":"status-publish","4":"has-post-thumbnail","6":"product_cat-kooginoad","7":"pa_kaubamark-naniwa","9":"first","10":"outofstock","11":"shipping-taxable","12":"purchasable","13":"product-type-simple"},"acf":[],"_links":{"self":[{"href":"https:\/\/farwell.ee\/en\/wp-json\/wp\/v2\/product\/28902","targetHints":{"allow":["GET"]}}],"collection":[{"href":"https:\/\/farwell.ee\/en\/wp-json\/wp\/v2\/product"}],"about":[{"href":"https:\/\/farwell.ee\/en\/wp-json\/wp\/v2\/types\/product"}],"wp:featuredmedia":[{"embeddable":true,"href":"https:\/\/farwell.ee\/en\/wp-json\/wp\/v2\/media\/28901"}],"wp:attachment":[{"href":"https:\/\/farwell.ee\/en\/wp-json\/wp\/v2\/media?parent=28902"}],"wp:term":[{"taxonomy":"product_brand","embeddable":true,"href":"https:\/\/farwell.ee\/en\/wp-json\/wp\/v2\/product_brand?post=28902"},{"taxonomy":"product_cat","embeddable":true,"href":"https:\/\/farwell.ee\/en\/wp-json\/wp\/v2\/product_cat?post=28902"},{"taxonomy":"product_tag","embeddable":true,"href":"https:\/\/farwell.ee\/en\/wp-json\/wp\/v2\/product_tag?post=28902"}],"curies":[{"name":"wp","href":"https:\/\/api.w.org\/{rel}","templated":true}]}}