{"id":28828,"date":"2024-05-07T16:30:05","date_gmt":"2024-05-07T13:30:05","guid":{"rendered":"https:\/\/farwell.ee\/toode\/mikser-e-universaalajam-30l-voimsus-1100w\/"},"modified":"2026-02-19T11:00:07","modified_gmt":"2026-02-19T09:00:07","slug":"mikser-e-universaalajam-30l-voimsus-1100w","status":"publish","type":"product","link":"https:\/\/farwell.ee\/en\/product\/mikser-e-universaalajam-30l-voimsus-1100w\/","title":{"rendered":"Mikser e. universaalajam 30L, v\u00f5imsus 1100W"},"content":{"rendered":"","protected":false},"excerpt":{"rendered":"<p>Komplektis sisaldub:<br \/>\n1 lame segisti, roostevaba teras<br \/>\n1 taignakonks, roostevaba teras<br \/>\n1 vispel, roostevaba teras ja alumiinium<br \/>\n1 kaitserest, roostevaba teras<\/p>\n<p>Professionaalidele: see v\u00f5imas planetaarne mikser toodab kuni 9 kg tainast \u00fche t\u00f6\u00f6protsessi kohta.<br \/>\n30-liitrises segamisn\u00f5us saab segada erinevat t\u00fc\u00fcpi tainast, vahustada vahukoort, mannavahtu ning valmistada erinevaid kastmeid ja muud.<\/p>\n<p>\u2022 Eemaldatav segamisn\u00f5u: jah<br \/>\n\u2022 Tootmiskogus tainas: max 9 kg<br \/>\n\u2022 Kiiruse juhtimine: 3 taset<br \/>\n\u2022 Ajam: k\u00e4igud<br \/>\n\u2022 Kaitsev\u00f5re: Jah<br \/>\n\u2022 Pritsmekaitse: Ei<br \/>\n\u2022 Ohutusl\u00fcliti: Jah<br \/>\n\u2022 \u00dclekoormuskaitse: Jah<br \/>\n\u2022 Digitaalekraan: Ei<\/p>","protected":false},"featured_media":28827,"template":"","meta":{"_acf_changed":false,"inline_featured_image":false},"product_brand":[],"product_cat":[6388],"product_tag":[9271],"class_list":{"0":"post-28828","1":"product","2":"type-product","3":"status-publish","4":"has-post-thumbnail","6":"product_cat-mikserid","7":"product_tag-planetaarmikser","8":"pa_kaubamark-bartscher","10":"first","11":"outofstock","12":"shipping-taxable","13":"purchasable","14":"product-type-simple"},"acf":[],"_links":{"self":[{"href":"https:\/\/farwell.ee\/en\/wp-json\/wp\/v2\/product\/28828","targetHints":{"allow":["GET"]}}],"collection":[{"href":"https:\/\/farwell.ee\/en\/wp-json\/wp\/v2\/product"}],"about":[{"href":"https:\/\/farwell.ee\/en\/wp-json\/wp\/v2\/types\/product"}],"wp:featuredmedia":[{"embeddable":true,"href":"https:\/\/farwell.ee\/en\/wp-json\/wp\/v2\/media\/28827"}],"wp:attachment":[{"href":"https:\/\/farwell.ee\/en\/wp-json\/wp\/v2\/media?parent=28828"}],"wp:term":[{"taxonomy":"product_brand","embeddable":true,"href":"https:\/\/farwell.ee\/en\/wp-json\/wp\/v2\/product_brand?post=28828"},{"taxonomy":"product_cat","embeddable":true,"href":"https:\/\/farwell.ee\/en\/wp-json\/wp\/v2\/product_cat?post=28828"},{"taxonomy":"product_tag","embeddable":true,"href":"https:\/\/farwell.ee\/en\/wp-json\/wp\/v2\/product_tag?post=28828"}],"curies":[{"name":"wp","href":"https:\/\/api.w.org\/{rel}","templated":true}]}}