{"id":28804,"date":"2024-05-07T11:15:05","date_gmt":"2024-05-07T08:15:05","guid":{"rendered":"https:\/\/farwell.ee\/toode\/grillpann-47x23cm-ovaalne-kahe-malmist-kaepidemega\/"},"modified":"2026-02-06T11:30:04","modified_gmt":"2026-02-06T09:30:04","slug":"grillpann-47x23cm-ovaalne-kahe-malmist-kaepidemega","status":"publish","type":"product","link":"https:\/\/farwell.ee\/en\/product\/grillpann-47x23cm-ovaalne-kahe-malmist-kaepidemega\/","title":{"rendered":"Grillpann 47x23cm ovaalne, kahe malmist k\u00e4epidemega"},"content":{"rendered":"","protected":false},"excerpt":{"rendered":"<p>Malmist grillpann on valmistatud looduslikest materjalidest, millel on kaks monoliitset malmist k\u00e4epidet.<br \/>\nMalmpann on tehases rasvp\u00f5letatud.<br \/>\nPann on rihveldatud sisepinnaga ja \u00fche valamistilaga.<br \/>\nSobilik k\u00f5ikidele pliidit\u00fc\u00fcpidele , ka induktsioonile, samuti kasutamiseks grillide peal ja l\u00f5kke kohal.<br \/>\nETTEVAATUST !\u00a0 Malmist k\u00e4epidemed l\u00e4hevad grillimisel tuliseks ! Kasuta pajakindaid v\u00f5i pajalappe.<br \/>\nMasinpesu ei ole lubatud !<br \/>\nKaal 4,5 kg<\/p>\n<p>Valurauast pannid on pikaealised, kannatavad h\u00e4sti kuumust ja intensiivset kasutamist.<br \/>\nValurauast panne v\u00f5ib kasutada k\u00f5ikidel pliitidel ja ka ahjus (kui pannil on terasest v\u00f5i valurauast k\u00e4epide).<br \/>\nMalmi pind n\u00f5uab kaitset, n\u00e4iteks m\u00e4\u00e4rimist rasvainega v\u00f5i \u00f5liga, et see ei roostetaks.<br \/>\nPaljud malmn\u00f5ud rasvp\u00f5letatakse rasvaga juba tehases.<br \/>\nTehasest tulnud n\u00f5u on kasutuseks valmis, kuid ei n\u00e4ita veel oma parimaid omadusi.<br \/>\nSee n\u00f5uab \u201dsisset\u00f6\u00f6tamist\u201d: laialdast kasutust, k\u00fcllaltki suure rasvakogusega praadimist ja peale m\u00f5nekuulist kasutamist vajadusel rasvap\u00f5letamist.<\/p>\n<p><a href=\"https:\/\/farwell.ee\/en\/blog\/kuidas-valida-panni-osa-2-malmpannid\/\">Tutvu ka malmpannide blogiga<\/a><\/p>","protected":false},"featured_media":28803,"template":"","meta":{"_acf_changed":false,"inline_featured_image":false},"product_brand":[],"product_cat":[8550],"product_tag":[11059],"class_list":{"0":"post-28804","1":"product","2":"type-product","3":"status-publish","4":"has-post-thumbnail","6":"product_cat-grillitarvikud","7":"product_tag-grillplaat","8":"pa_kaubamark-ronneby-bruk","10":"first","11":"instock","12":"shipping-taxable","13":"purchasable","14":"product-type-simple"},"acf":[],"_links":{"self":[{"href":"https:\/\/farwell.ee\/en\/wp-json\/wp\/v2\/product\/28804","targetHints":{"allow":["GET"]}}],"collection":[{"href":"https:\/\/farwell.ee\/en\/wp-json\/wp\/v2\/product"}],"about":[{"href":"https:\/\/farwell.ee\/en\/wp-json\/wp\/v2\/types\/product"}],"wp:featuredmedia":[{"embeddable":true,"href":"https:\/\/farwell.ee\/en\/wp-json\/wp\/v2\/media\/28803"}],"wp:attachment":[{"href":"https:\/\/farwell.ee\/en\/wp-json\/wp\/v2\/media?parent=28804"}],"wp:term":[{"taxonomy":"product_brand","embeddable":true,"href":"https:\/\/farwell.ee\/en\/wp-json\/wp\/v2\/product_brand?post=28804"},{"taxonomy":"product_cat","embeddable":true,"href":"https:\/\/farwell.ee\/en\/wp-json\/wp\/v2\/product_cat?post=28804"},{"taxonomy":"product_tag","embeddable":true,"href":"https:\/\/farwell.ee\/en\/wp-json\/wp\/v2\/product_tag?post=28804"}],"curies":[{"name":"wp","href":"https:\/\/api.w.org\/{rel}","templated":true}]}}