{"id":28786,"date":"2024-05-06T14:30:05","date_gmt":"2024-05-06T11:30:05","guid":{"rendered":"https:\/\/farwell.ee\/toode\/grillpann-23x23cm-nelinurkne-malmist\/"},"modified":"2025-11-03T12:45:06","modified_gmt":"2025-11-03T10:45:06","slug":"grillpann-23x23cm-nelinurkne-malmist","status":"publish","type":"product","link":"https:\/\/farwell.ee\/en\/product\/grillpann-23x23cm-nelinurkne-malmist\/","title":{"rendered":"Grillpann 23x23cm nelinurkne, malmist"},"content":{"rendered":"","protected":false},"excerpt":{"rendered":"<p>Malmist grillpann on valmistatud looduslikest materjalidest, millel on monoliitne malmist k\u00e4epide.<br \/>\nMalmpann on tehases rasvp\u00f5letatud.<br \/>\nPann on rihveldatud sisepinnaga ja \u00fche valamistilaga.<br \/>\nSobilik k\u00f5ikidele pliidit\u00fc\u00fcpidele , ka induktsioonile.<br \/>\nETTEVAATUST !\u00a0 Malmist k\u00e4epide l\u00e4heb praadimisel tuliseks ! Kasuta pajakindaid v\u00f5i k\u00e4epideme kaitset koodiga 150500.<br \/>\nMasinpesu ei ole lubatud !<br \/>\nKaal 2,0 kg<\/p>\n<p>Valurauast pannid on pikaealised, kannatavad h\u00e4sti kuumust ja intensiivset kasutamist.<br \/>\nValurauast panne v\u00f5ib kasutada k\u00f5ikidel pliitidel ja ka ahjus (kui pannil on terasest v\u00f5i valurauast k\u00e4epide).<br \/>\nMalmi pind n\u00f5uab kaitset, n\u00e4iteks m\u00e4\u00e4rimist rasvainega v\u00f5i \u00f5liga, et see ei roostetaks.<br \/>\nTehasest tulnud n\u00f5u on kasutuseks valmis, kuid ei n\u00e4ita veel oma parimaid omadusi.<br \/>\nSee n\u00f5uab \u201dsisset\u00f6\u00f6tamist\u201d: laialdast kasutust, k\u00fcllaltki suure rasvakogusega praadimist ja peale m\u00f5nekuulist kasutamist vajadusel rasvap\u00f5letamist.<\/p>\n<p><a href=\"https:\/\/farwell.ee\/en\/blog\/kuidas-valida-panni-osa-2-malmpannid\/\">Tutvu ka malmpannide blogiga<\/a><\/p>","protected":false},"featured_media":28805,"template":"","meta":{"_acf_changed":false,"inline_featured_image":false},"product_brand":[],"product_cat":[8550],"product_tag":[],"class_list":{"0":"post-28786","1":"product","2":"type-product","3":"status-publish","4":"has-post-thumbnail","6":"product_cat-grillitarvikud","7":"pa_kaubamark-ronneby-bruk","9":"first","10":"outofstock","11":"shipping-taxable","12":"purchasable","13":"product-type-simple"},"acf":[],"_links":{"self":[{"href":"https:\/\/farwell.ee\/en\/wp-json\/wp\/v2\/product\/28786","targetHints":{"allow":["GET"]}}],"collection":[{"href":"https:\/\/farwell.ee\/en\/wp-json\/wp\/v2\/product"}],"about":[{"href":"https:\/\/farwell.ee\/en\/wp-json\/wp\/v2\/types\/product"}],"wp:featuredmedia":[{"embeddable":true,"href":"https:\/\/farwell.ee\/en\/wp-json\/wp\/v2\/media\/28805"}],"wp:attachment":[{"href":"https:\/\/farwell.ee\/en\/wp-json\/wp\/v2\/media?parent=28786"}],"wp:term":[{"taxonomy":"product_brand","embeddable":true,"href":"https:\/\/farwell.ee\/en\/wp-json\/wp\/v2\/product_brand?post=28786"},{"taxonomy":"product_cat","embeddable":true,"href":"https:\/\/farwell.ee\/en\/wp-json\/wp\/v2\/product_cat?post=28786"},{"taxonomy":"product_tag","embeddable":true,"href":"https:\/\/farwell.ee\/en\/wp-json\/wp\/v2\/product_tag?post=28786"}],"curies":[{"name":"wp","href":"https:\/\/api.w.org\/{rel}","templated":true}]}}