{"id":28766,"date":"2024-05-06T11:30:06","date_gmt":"2024-05-06T08:30:06","guid":{"rendered":"https:\/\/farwell.ee\/toode\/grillpann-28cm-malmist-terasest-kaepidemega\/"},"modified":"2025-12-01T15:00:10","modified_gmt":"2025-12-01T13:00:10","slug":"grillpann-28cm-malmist-terasest-kaepidemega","status":"publish","type":"product","link":"https:\/\/farwell.ee\/en\/product\/grillpann-28cm-malmist-terasest-kaepidemega\/","title":{"rendered":"Grillpann 28cm malmist, terasest k\u00e4epidemega"},"content":{"rendered":"","protected":false},"excerpt":{"rendered":"<p>Malmist grillpann on valmistatud looduslikest materjalidest, mille pikem k\u00e4epide on roostevabast terasest.<br \/>\nRoostevabast terasest k\u00e4epide &#8220;Cool-Touch&#8221;.<br \/>\nMalmpann on rasvp\u00f5letatud sertifitseeritud rapsi\u00f5liga.<br \/>\nPann on rihveldatud sisepinnaga ja kahe valamistilaga.<br \/>\nSobilik k\u00f5ikidele pliidit\u00fc\u00fcpidele , ka induktsioonile.<br \/>\nMasinpesu ei ole lubatud !<br \/>\nL\u00e4bim\u00f5\u00f5t 28cm, p\u00f5hja l\u00e4bim\u00f5\u00f5t 23cm,<br \/>\nKaal 3,4 kg<\/p>\n<p>Valurauast pannid on pikaealised, kannatavad h\u00e4sti kuumust ja intensiivset kasutamist.<br \/>\nValurauast panne v\u00f5ib kasutada k\u00f5ikidel pliitidel ja ka ahjus (kui pannil on terasest v\u00f5i valurauast k\u00e4epide).<br \/>\nMalmi pind n\u00f5uab kaitset, n\u00e4iteks m\u00e4\u00e4rimist rasvainega v\u00f5i \u00f5liga, et see ei roostetaks.<br \/>\nPaljud malmn\u00f5ud rasvp\u00f5letatakse rasvaga juba tehases.<br \/>\nTehasest tulnud n\u00f5u on kasutuseks valmis, kuid ei n\u00e4ita veel oma parimaid omadusi.<br \/>\nSee n\u00f5uab \u201dsisset\u00f6\u00f6tamist\u201d: laialdast kasutust, k\u00fcllaltki suure rasvakogusega praadimist ja peale m\u00f5nekuulist kasutamist vajadusel rasvap\u00f5letamist.<\/p>\n<p>R\u00f6nneby Bruk\u00b4i valurauast pannidel on 30-aastane tehasegarantii materjalile ja valmistusvigadele.<\/p>\n<p><a href=\"https:\/\/farwell.ee\/en\/blog\/kuidas-valida-panni-osa-2-malmpannid\/\">Tutvu ka malmpannide blogiga<\/a><\/p>","protected":false},"featured_media":28808,"template":"","meta":{"_acf_changed":false,"inline_featured_image":false},"product_brand":[],"product_cat":[8550],"product_tag":[],"class_list":{"0":"post-28766","1":"product","2":"type-product","3":"status-publish","4":"has-post-thumbnail","6":"product_cat-grillitarvikud","7":"pa_kaubamark-ronneby-bruk","9":"first","10":"instock","11":"shipping-taxable","12":"purchasable","13":"product-type-simple"},"acf":[],"_links":{"self":[{"href":"https:\/\/farwell.ee\/en\/wp-json\/wp\/v2\/product\/28766","targetHints":{"allow":["GET"]}}],"collection":[{"href":"https:\/\/farwell.ee\/en\/wp-json\/wp\/v2\/product"}],"about":[{"href":"https:\/\/farwell.ee\/en\/wp-json\/wp\/v2\/types\/product"}],"wp:featuredmedia":[{"embeddable":true,"href":"https:\/\/farwell.ee\/en\/wp-json\/wp\/v2\/media\/28808"}],"wp:attachment":[{"href":"https:\/\/farwell.ee\/en\/wp-json\/wp\/v2\/media?parent=28766"}],"wp:term":[{"taxonomy":"product_brand","embeddable":true,"href":"https:\/\/farwell.ee\/en\/wp-json\/wp\/v2\/product_brand?post=28766"},{"taxonomy":"product_cat","embeddable":true,"href":"https:\/\/farwell.ee\/en\/wp-json\/wp\/v2\/product_cat?post=28766"},{"taxonomy":"product_tag","embeddable":true,"href":"https:\/\/farwell.ee\/en\/wp-json\/wp\/v2\/product_tag?post=28766"}],"curies":[{"name":"wp","href":"https:\/\/api.w.org\/{rel}","templated":true}]}}