{"id":28724,"date":"2024-05-02T16:15:04","date_gmt":"2024-05-02T13:15:04","guid":{"rendered":"https:\/\/farwell.ee\/toode\/sugav-pann-e-kastmekastrul-28cm-eterna-sisekattega\/"},"modified":"2026-04-14T19:45:11","modified_gmt":"2026-04-14T16:45:11","slug":"sugav-pann-e-kastmekastrul-28cm-eterna-sisekattega","status":"publish","type":"product","link":"https:\/\/farwell.ee\/en\/product\/sugav-pann-e-kastmekastrul-28cm-eterna-sisekattega\/","title":{"rendered":"S\u00fcgav pann e. kastmekastrul 28cm Eterna-sisekate"},"content":{"rendered":"","protected":false},"excerpt":{"rendered":"<p>Sobib k\u00f5ikidele pliidit\u00fc\u00fcpidele, k.a induktsioonile.<\/p>","protected":false},"featured_media":28725,"template":"","meta":{"_acf_changed":false,"inline_featured_image":false},"product_brand":[],"product_cat":[152],"product_tag":[],"class_list":{"0":"post-28724","1":"product","2":"type-product","3":"status-publish","4":"has-post-thumbnail","6":"product_cat-pannid","7":"pa_kaubamark-pujadas","9":"first","10":"outofstock","11":"shipping-taxable","12":"purchasable","13":"product-type-simple"},"acf":[],"_links":{"self":[{"href":"https:\/\/farwell.ee\/en\/wp-json\/wp\/v2\/product\/28724","targetHints":{"allow":["GET"]}}],"collection":[{"href":"https:\/\/farwell.ee\/en\/wp-json\/wp\/v2\/product"}],"about":[{"href":"https:\/\/farwell.ee\/en\/wp-json\/wp\/v2\/types\/product"}],"wp:featuredmedia":[{"embeddable":true,"href":"https:\/\/farwell.ee\/en\/wp-json\/wp\/v2\/media\/28725"}],"wp:attachment":[{"href":"https:\/\/farwell.ee\/en\/wp-json\/wp\/v2\/media?parent=28724"}],"wp:term":[{"taxonomy":"product_brand","embeddable":true,"href":"https:\/\/farwell.ee\/en\/wp-json\/wp\/v2\/product_brand?post=28724"},{"taxonomy":"product_cat","embeddable":true,"href":"https:\/\/farwell.ee\/en\/wp-json\/wp\/v2\/product_cat?post=28724"},{"taxonomy":"product_tag","embeddable":true,"href":"https:\/\/farwell.ee\/en\/wp-json\/wp\/v2\/product_tag?post=28724"}],"curies":[{"name":"wp","href":"https:\/\/api.w.org\/{rel}","templated":true}]}}