{"id":28672,"date":"2024-04-29T16:00:05","date_gmt":"2024-04-29T13:00:05","guid":{"rendered":"https:\/\/farwell.ee\/toode\/vorstigrill-7-rullikuga-voimsus-1400w-gw7\/"},"modified":"2025-07-01T13:00:10","modified_gmt":"2025-07-01T10:00:10","slug":"vorstigrill-7-rullikuga-voimsus-1400w-gw7","status":"publish","type":"product","link":"https:\/\/farwell.ee\/en\/product\/vorstigrill-7-rullikuga-voimsus-1400w-gw7\/","title":{"rendered":"Vorstigrill 7-rullikuga, v\u00f5imsus 1400W GW7"},"content":{"rendered":"","protected":false},"excerpt":{"rendered":"<p>Rull-t\u00fc\u00fcpi vorstisoojendi sobib ideaalselt kiirtoidupoodidesse, tanklatesse, baarides ja pubides.<br \/>\nVorstigrill v\u00f5imaldab kiiresti ja \u00fchtlaselt k\u00fcpsetada vorstikesi ja kabanosse, lisades neile grill-liha maitse ja pruunistumise, ilma et peaksite neid k\u00e4sitsi \u00fcmber p\u00f6\u00f6rama.<br \/>\n&#8211; Korpus valmistatud roostevabast terasest.<br \/>\n&#8211; As\u00fcnkroonmootor k\u00e4igukasti reduktoriga.<br \/>\n&#8211; P\u00f5rutuskindlate k\u00fctteelementidega roostevabast terasest rullid.<\/p>\n<p>Mudel: GW 7<br \/>\nV\u00f5imsus: 1400 W<br \/>\nElekter:\u00a0 220V\u00a0 1-faasiline<br \/>\nTemperatuur: max +280\u00b0C<br \/>\nRullide arv: 7<br \/>\nRullide laius: 460mm<br \/>\nRullide l\u00e4bim\u00f5\u00f5t: 25mm<br \/>\nSeadme m\u00f5\u00f5dud: 560x300x170mm<\/p>","protected":false},"featured_media":28675,"template":"","meta":{"_acf_changed":false,"inline_featured_image":false},"product_brand":[],"product_cat":[5776],"product_tag":[9207,9208],"class_list":{"0":"post-28672","1":"product","2":"type-product","3":"status-publish","4":"has-post-thumbnail","6":"product_cat-muud-vaikeseadmed","7":"product_tag-vorstisoojendaja","8":"product_tag-vorstisoojendi","9":"pa_kaubamark-sirman","11":"first","12":"instock","13":"shipping-taxable","14":"purchasable","15":"product-type-simple"},"acf":[],"_links":{"self":[{"href":"https:\/\/farwell.ee\/en\/wp-json\/wp\/v2\/product\/28672","targetHints":{"allow":["GET"]}}],"collection":[{"href":"https:\/\/farwell.ee\/en\/wp-json\/wp\/v2\/product"}],"about":[{"href":"https:\/\/farwell.ee\/en\/wp-json\/wp\/v2\/types\/product"}],"wp:featuredmedia":[{"embeddable":true,"href":"https:\/\/farwell.ee\/en\/wp-json\/wp\/v2\/media\/28675"}],"wp:attachment":[{"href":"https:\/\/farwell.ee\/en\/wp-json\/wp\/v2\/media?parent=28672"}],"wp:term":[{"taxonomy":"product_brand","embeddable":true,"href":"https:\/\/farwell.ee\/en\/wp-json\/wp\/v2\/product_brand?post=28672"},{"taxonomy":"product_cat","embeddable":true,"href":"https:\/\/farwell.ee\/en\/wp-json\/wp\/v2\/product_cat?post=28672"},{"taxonomy":"product_tag","embeddable":true,"href":"https:\/\/farwell.ee\/en\/wp-json\/wp\/v2\/product_tag?post=28672"}],"curies":[{"name":"wp","href":"https:\/\/api.w.org\/{rel}","templated":true}]}}