{"id":28627,"date":"2024-04-29T10:45:04","date_gmt":"2024-04-29T07:45:04","guid":{"rendered":"https:\/\/farwell.ee\/toode\/marmiit-gn-1-1-elektriline-kaaneta-voimsus-1200w\/"},"modified":"2026-04-08T15:30:16","modified_gmt":"2026-04-08T12:30:16","slug":"marmiit-gn-1-1-elektriline-kaaneta-voimsus-1200w","status":"publish","type":"product","link":"https:\/\/farwell.ee\/en\/product\/marmiit-gn-1-1-elektriline-kaaneta-voimsus-1200w\/","title":{"rendered":"Marmiit GN 1\/1 elektriline, kaaneta, v\u00f5imsus 1200W"},"content":{"rendered":"","protected":false},"excerpt":{"rendered":"<p>GN 1\/1 vesivanniga lauapealne Bain-Marie toidusoojendaja.<br \/>\nTemperatuuri reguleerimine kuni +85C.<br \/>\nRoostevabast terasest veepaak kergelt profileeritud sisek\u00fclgedega, mis lihtsustab hooldamist.<br \/>\nSisse- ja v\u00e4ljal\u00fclitiga, termostaadi ja m\u00e4rgutulega.<br \/>\nGN 1\/1 n\u00f5u maksimaalne s\u00fcgavus 150mm.<br \/>\nHind ei sisalda GN-n\u00f5ud !<br \/>\nSobilikud Gn-n\u00f5ud on koodidega\u00a0 81106 v\u00f5i\u00a0 81104.<\/p>","protected":false},"featured_media":32899,"template":"","meta":{"_acf_changed":false,"inline_featured_image":false},"product_brand":[],"product_cat":[5589],"product_tag":[9182],"class_list":{"0":"post-28627","1":"product","2":"type-product","3":"status-publish","4":"has-post-thumbnail","6":"product_cat-supimarmiidid","7":"product_tag-vesivann-elektriline","8":"pa_kaubamark-hendi","10":"first","11":"outofstock","12":"shipping-taxable","13":"purchasable","14":"product-type-simple"},"acf":[],"_links":{"self":[{"href":"https:\/\/farwell.ee\/en\/wp-json\/wp\/v2\/product\/28627","targetHints":{"allow":["GET"]}}],"collection":[{"href":"https:\/\/farwell.ee\/en\/wp-json\/wp\/v2\/product"}],"about":[{"href":"https:\/\/farwell.ee\/en\/wp-json\/wp\/v2\/types\/product"}],"wp:featuredmedia":[{"embeddable":true,"href":"https:\/\/farwell.ee\/en\/wp-json\/wp\/v2\/media\/32899"}],"wp:attachment":[{"href":"https:\/\/farwell.ee\/en\/wp-json\/wp\/v2\/media?parent=28627"}],"wp:term":[{"taxonomy":"product_brand","embeddable":true,"href":"https:\/\/farwell.ee\/en\/wp-json\/wp\/v2\/product_brand?post=28627"},{"taxonomy":"product_cat","embeddable":true,"href":"https:\/\/farwell.ee\/en\/wp-json\/wp\/v2\/product_cat?post=28627"},{"taxonomy":"product_tag","embeddable":true,"href":"https:\/\/farwell.ee\/en\/wp-json\/wp\/v2\/product_tag?post=28627"}],"curies":[{"name":"wp","href":"https:\/\/api.w.org\/{rel}","templated":true}]}}