{"id":28594,"date":"2024-04-23T12:15:05","date_gmt":"2024-04-23T09:15:05","guid":{"rendered":"https:\/\/farwell.ee\/toode\/juurvilja-ribaloikur-ehk-lindiloikur-2\/"},"modified":"2026-03-05T16:00:12","modified_gmt":"2026-03-05T14:00:12","slug":"juurvilja-ribaloikur-ehk-lindiloikur-2","status":"publish","type":"product","link":"https:\/\/farwell.ee\/en\/product\/juurvilja-ribaloikur-ehk-lindiloikur-2\/","title":{"rendered":"Juurvilja ribal\u00f5ikur ehk lindil\u00f5ikur"},"content":{"rendered":"","protected":false},"excerpt":{"rendered":"<p>Roostevabast teasest ribal\u00f5ikur ehk lindil\u00f5ikur.<br \/>\nL\u00f5ikeplokk 1,5mm.<br \/>\nJuurviljade max pikkus 11cm ja\u00a0 max \u00f8 17cm.<br \/>\nN\u00f5udepesumasinas pestav.<\/p>","protected":false},"featured_media":28593,"template":"","meta":{"_acf_changed":false,"inline_featured_image":false},"product_brand":[],"product_cat":[163],"product_tag":[],"class_list":{"0":"post-28594","1":"product","2":"type-product","3":"status-publish","4":"has-post-thumbnail","6":"product_cat-riivid-koorijad-ja-pureestajad","7":"pa_kaubamark-paderno","9":"first","10":"outofstock","11":"shipping-taxable","12":"purchasable","13":"product-type-simple"},"acf":[],"_links":{"self":[{"href":"https:\/\/farwell.ee\/en\/wp-json\/wp\/v2\/product\/28594","targetHints":{"allow":["GET"]}}],"collection":[{"href":"https:\/\/farwell.ee\/en\/wp-json\/wp\/v2\/product"}],"about":[{"href":"https:\/\/farwell.ee\/en\/wp-json\/wp\/v2\/types\/product"}],"wp:featuredmedia":[{"embeddable":true,"href":"https:\/\/farwell.ee\/en\/wp-json\/wp\/v2\/media\/28593"}],"wp:attachment":[{"href":"https:\/\/farwell.ee\/en\/wp-json\/wp\/v2\/media?parent=28594"}],"wp:term":[{"taxonomy":"product_brand","embeddable":true,"href":"https:\/\/farwell.ee\/en\/wp-json\/wp\/v2\/product_brand?post=28594"},{"taxonomy":"product_cat","embeddable":true,"href":"https:\/\/farwell.ee\/en\/wp-json\/wp\/v2\/product_cat?post=28594"},{"taxonomy":"product_tag","embeddable":true,"href":"https:\/\/farwell.ee\/en\/wp-json\/wp\/v2\/product_tag?post=28594"}],"curies":[{"name":"wp","href":"https:\/\/api.w.org\/{rel}","templated":true}]}}