{"id":28592,"date":"2024-04-23T12:15:04","date_gmt":"2024-04-23T09:15:04","guid":{"rendered":"https:\/\/farwell.ee\/toode\/juurvilja-ribaloikur-ehk-lindiloikur\/"},"modified":"2026-03-05T16:00:10","modified_gmt":"2026-03-05T14:00:10","slug":"juurvilja-ribaloikur-ehk-lindiloikur","status":"publish","type":"product","link":"https:\/\/farwell.ee\/en\/product\/juurvilja-ribaloikur-ehk-lindiloikur\/","title":{"rendered":"Juurvilja ribal\u00f5ikur ehk lindil\u00f5ikur"},"content":{"rendered":"","protected":false},"excerpt":{"rendered":"<p>Juurviljade l\u00f5ikamiseks laiaks ja \u00f5hukeseks ribaks ehk lindiks (kartul, porgand, bataat, kaalikas, valge redis jne).<br \/>\nSamuti on v\u00f5imalik l\u00f5igata \u00f5hukest linti \u00f5unast ja pirnist.<br \/>\nVarustatud roostevabast terasest teraga.<br \/>\nL\u00f5ikelaius 15cm.<\/p>","protected":false},"featured_media":28591,"template":"","meta":{"_acf_changed":false,"inline_featured_image":false},"product_brand":[],"product_cat":[163],"product_tag":[],"class_list":{"0":"post-28592","1":"product","2":"type-product","3":"status-publish","4":"has-post-thumbnail","6":"product_cat-riivid-koorijad-ja-pureestajad","7":"pa_kaubamark-paderno","9":"first","10":"outofstock","11":"shipping-taxable","12":"purchasable","13":"product-type-simple"},"acf":[],"_links":{"self":[{"href":"https:\/\/farwell.ee\/en\/wp-json\/wp\/v2\/product\/28592","targetHints":{"allow":["GET"]}}],"collection":[{"href":"https:\/\/farwell.ee\/en\/wp-json\/wp\/v2\/product"}],"about":[{"href":"https:\/\/farwell.ee\/en\/wp-json\/wp\/v2\/types\/product"}],"wp:featuredmedia":[{"embeddable":true,"href":"https:\/\/farwell.ee\/en\/wp-json\/wp\/v2\/media\/28591"}],"wp:attachment":[{"href":"https:\/\/farwell.ee\/en\/wp-json\/wp\/v2\/media?parent=28592"}],"wp:term":[{"taxonomy":"product_brand","embeddable":true,"href":"https:\/\/farwell.ee\/en\/wp-json\/wp\/v2\/product_brand?post=28592"},{"taxonomy":"product_cat","embeddable":true,"href":"https:\/\/farwell.ee\/en\/wp-json\/wp\/v2\/product_cat?post=28592"},{"taxonomy":"product_tag","embeddable":true,"href":"https:\/\/farwell.ee\/en\/wp-json\/wp\/v2\/product_tag?post=28592"}],"curies":[{"name":"wp","href":"https:\/\/api.w.org\/{rel}","templated":true}]}}