{"id":28479,"date":"2024-04-18T13:00:04","date_gmt":"2024-04-18T10:00:04","guid":{"rendered":"https:\/\/farwell.ee\/toode\/toidublender-18l-roostevabast-terasest-kannuga-voimsus-750w\/"},"modified":"2025-07-01T14:45:06","modified_gmt":"2025-07-01T11:45:06","slug":"toidublender-18l-roostevabast-terasest-kannuga-voimsus-750w","status":"publish","type":"product","link":"https:\/\/farwell.ee\/en\/product\/toidublender-18l-roostevabast-terasest-kannuga-voimsus-750w\/","title":{"rendered":"Toidublender 1,8L roostevabast terasest kannuga, v\u00f5imsus 750W"},"content":{"rendered":"","protected":false},"excerpt":{"rendered":"<p>Kulinaarsete blenderite EXPEDITOR\u2122 perekonna liikmena on 600S-seeria tuntud paljude erinevate segamistoimingute t\u00e4pse juhtimise poolest alates p\u00fcreestamisest kuni hakkimiseni. Selle \u00fche puutega CHOP-funktsioon ja muudetav kiirusvalik annavad kokkadele maksimaalse kontrolli valmis roa tekstuuri ja kvaliteedi \u00fcle.<br \/>\nV\u00f5imas 3 hj ( 750W ) mootor.<br \/>\nMuutuva kiirvalikuga elektrooniline puuteplaat.<br \/>\n1,8 L harjatud roostevabast terasest kann.<br \/>\nT\u00e4ismetallist ajami sidur kannupadja anduriga.<br \/>\nSaadaval nii 120V kui 230V<br \/>\n3-aastane garantii osadele ja valmistusvigadele.<\/p>\n<p>M\u00f5\u00f5dud: 17,8 x 22,9 x 48,3cm<\/p>","protected":false},"featured_media":28478,"template":"","meta":{"_acf_changed":false,"inline_featured_image":false},"product_brand":[],"product_cat":[5651],"product_tag":[],"class_list":{"0":"post-28479","1":"product","2":"type-product","3":"status-publish","4":"has-post-thumbnail","6":"product_cat-blenderid","7":"pa_kaubamark-hamilton-beach","9":"first","10":"outofstock","11":"shipping-taxable","12":"purchasable","13":"product-type-simple"},"acf":[],"_links":{"self":[{"href":"https:\/\/farwell.ee\/en\/wp-json\/wp\/v2\/product\/28479","targetHints":{"allow":["GET"]}}],"collection":[{"href":"https:\/\/farwell.ee\/en\/wp-json\/wp\/v2\/product"}],"about":[{"href":"https:\/\/farwell.ee\/en\/wp-json\/wp\/v2\/types\/product"}],"wp:featuredmedia":[{"embeddable":true,"href":"https:\/\/farwell.ee\/en\/wp-json\/wp\/v2\/media\/28478"}],"wp:attachment":[{"href":"https:\/\/farwell.ee\/en\/wp-json\/wp\/v2\/media?parent=28479"}],"wp:term":[{"taxonomy":"product_brand","embeddable":true,"href":"https:\/\/farwell.ee\/en\/wp-json\/wp\/v2\/product_brand?post=28479"},{"taxonomy":"product_cat","embeddable":true,"href":"https:\/\/farwell.ee\/en\/wp-json\/wp\/v2\/product_cat?post=28479"},{"taxonomy":"product_tag","embeddable":true,"href":"https:\/\/farwell.ee\/en\/wp-json\/wp\/v2\/product_tag?post=28479"}],"curies":[{"name":"wp","href":"https:\/\/api.w.org\/{rel}","templated":true}]}}