{"id":28392,"date":"2024-04-17T09:15:05","date_gmt":"2024-04-17T06:15:05","guid":{"rendered":"https:\/\/farwell.ee\/toode\/serveerimisalus-3-korruseline-taldrikule-max-17cm\/"},"modified":"2026-03-03T10:00:09","modified_gmt":"2026-03-03T08:00:09","slug":"serveerimisalus-3-korruseline-taldrikule-max-17cm","status":"publish","type":"product","link":"https:\/\/farwell.ee\/en\/product\/serveerimisalus-3-korruseline-taldrikule-max-17cm\/","title":{"rendered":"Serveerimisalus 3-korruseline, taldrikule max 17cm"},"content":{"rendered":"","protected":false},"excerpt":{"rendered":"<p>Korrusraami r\u00f5nga sisel\u00e4bim\u00f5\u00f5t on 10,5cm.<br \/>\nSobib taldrikutele max.l\u00e4bim\u00f5\u00f5duga 17cm.<br \/>\nMittelibisevate jalgadega.<br \/>\nMetall k\u00f5va kroomkattega.<br \/>\nEi ole happekindel.<br \/>\nP\u00e4rast kroomikihi kahjustamist puudub kaitse keskkonnam\u00f5jude eest.<br \/>\nHooldus: \u00e4rge kunagi kasutage abrasiivseid puhastusvahendeid, puhastamie ainult pehme lapiga.<\/p>\n<p>Taldrikud ei kuulu komplekti !<\/p>","protected":false},"featured_media":28391,"template":"","meta":{"_acf_changed":false,"inline_featured_image":false},"product_brand":[],"product_cat":[166],"product_tag":[],"class_list":{"0":"post-28392","1":"product","2":"type-product","3":"status-publish","4":"has-post-thumbnail","6":"product_cat-serveerimisalused-ja-kausid","7":"pa_kaubamark-aps","9":"first","10":"outofstock","11":"shipping-taxable","12":"purchasable","13":"product-type-simple"},"acf":[],"_links":{"self":[{"href":"https:\/\/farwell.ee\/en\/wp-json\/wp\/v2\/product\/28392","targetHints":{"allow":["GET"]}}],"collection":[{"href":"https:\/\/farwell.ee\/en\/wp-json\/wp\/v2\/product"}],"about":[{"href":"https:\/\/farwell.ee\/en\/wp-json\/wp\/v2\/types\/product"}],"wp:featuredmedia":[{"embeddable":true,"href":"https:\/\/farwell.ee\/en\/wp-json\/wp\/v2\/media\/28391"}],"wp:attachment":[{"href":"https:\/\/farwell.ee\/en\/wp-json\/wp\/v2\/media?parent=28392"}],"wp:term":[{"taxonomy":"product_brand","embeddable":true,"href":"https:\/\/farwell.ee\/en\/wp-json\/wp\/v2\/product_brand?post=28392"},{"taxonomy":"product_cat","embeddable":true,"href":"https:\/\/farwell.ee\/en\/wp-json\/wp\/v2\/product_cat?post=28392"},{"taxonomy":"product_tag","embeddable":true,"href":"https:\/\/farwell.ee\/en\/wp-json\/wp\/v2\/product_tag?post=28392"}],"curies":[{"name":"wp","href":"https:\/\/api.w.org\/{rel}","templated":true}]}}