{"id":28274,"date":"2024-04-11T15:45:04","date_gmt":"2024-04-11T12:45:04","guid":{"rendered":"https:\/\/farwell.ee\/toode\/minipannkoogi-pliit-25tk-voimsus-900w\/"},"modified":"2025-07-01T14:45:06","modified_gmt":"2025-07-01T11:45:06","slug":"minipannkoogi-pliit-25tk-voimsus-900w","status":"publish","type":"product","link":"https:\/\/farwell.ee\/en\/product\/minipannkoogi-pliit-25tk-voimsus-900w\/","title":{"rendered":"Minipannkoogi pliit 25tk, v\u00f5imsus 900W"},"content":{"rendered":"","protected":false},"excerpt":{"rendered":"<p>Maitsvate minipannkookide ehk Poffertjes\u00b4ide kiireks valmistamiseks.<br \/>\nKorraga saab teha kuni 25 minipannkooki.<br \/>\nSellel minipannkoogil on mittenakkuva kattega alumiiniumist k\u00fcpsetusplaat, mis v\u00f5imaldab pannkoogid plaadilt kergesti eemaldada.<\/p>\n<p>Temperatuuri saab seadistada vahemikus +50 \u2070C kuni +300 \u2070C.<br \/>\nM\u00e4rgutuli n\u00e4itab, millal k\u00fcpsetusplaat on saavutanud \u00f5ige temperatuuri.<br \/>\nK\u00fcpsetusplaadil on ka k\u00f5rgendatud serv, et pannkoogitainas \u00fcle \u00e4\u00e4rte ei valguks.<\/p>\n<p>See elektriline pannkoogik\u00fcpsetaja seisab neljal roostevabast terasest jalal.<br \/>\nKorpus on samuti valmistatud roostevabast terasest.<br \/>\nP\u00e4rast kasutamist l\u00fclitage seade v\u00e4lja ja eemaldage pistik seinakontaktist.<br \/>\nNiipea, kui k\u00fcpsetusplaat on jahtunud, v\u00f5ite alustada selle puhastamist.<br \/>\nK\u00f5ik j\u00e4\u00e4gid saab kergesti eemaldada pintsli, k\u00e4sna v\u00f5i niiske lapiga ja v\u00e4hese sooja veega.<br \/>\nP\u00e4rast puhastamist kuivatage plaat pehme lapiga.<br \/>\nSamuti saate roostevabast terasest v\u00e4lispinda kuivatada pehme ja kuiva lapiga.<\/p>\n<p>Varustatud taimeriga ja temperatuuri indikaatoriga.<\/p>\n<p>Mahutavus: 25 minipannkooki<br \/>\nPannkoogi m\u00f5\u00f5dud: \u00f8 45 x H7mm<br \/>\nMasina m\u00f5\u00f5dud: P30 x D38 x K20cm<br \/>\nElektri koguv\u00f5imsus: 0,9 kW<br \/>\nElektri\u00fchendus: 230V\/50Hz\/1faas<br \/>\nNetokaal: 6 kg<\/p>\n<p>&nbsp;<\/p>","protected":false},"featured_media":28273,"template":"","meta":{"_acf_changed":false,"inline_featured_image":false},"product_brand":[],"product_cat":[5776],"product_tag":[],"class_list":{"0":"post-28274","1":"product","2":"type-product","3":"status-publish","4":"has-post-thumbnail","6":"product_cat-muud-vaikeseadmed","7":"pa_kaubamark-maxima","9":"first","10":"outofstock","11":"shipping-taxable","12":"purchasable","13":"product-type-simple"},"acf":[],"_links":{"self":[{"href":"https:\/\/farwell.ee\/en\/wp-json\/wp\/v2\/product\/28274","targetHints":{"allow":["GET"]}}],"collection":[{"href":"https:\/\/farwell.ee\/en\/wp-json\/wp\/v2\/product"}],"about":[{"href":"https:\/\/farwell.ee\/en\/wp-json\/wp\/v2\/types\/product"}],"wp:featuredmedia":[{"embeddable":true,"href":"https:\/\/farwell.ee\/en\/wp-json\/wp\/v2\/media\/28273"}],"wp:attachment":[{"href":"https:\/\/farwell.ee\/en\/wp-json\/wp\/v2\/media?parent=28274"}],"wp:term":[{"taxonomy":"product_brand","embeddable":true,"href":"https:\/\/farwell.ee\/en\/wp-json\/wp\/v2\/product_brand?post=28274"},{"taxonomy":"product_cat","embeddable":true,"href":"https:\/\/farwell.ee\/en\/wp-json\/wp\/v2\/product_cat?post=28274"},{"taxonomy":"product_tag","embeddable":true,"href":"https:\/\/farwell.ee\/en\/wp-json\/wp\/v2\/product_tag?post=28274"}],"curies":[{"name":"wp","href":"https:\/\/api.w.org\/{rel}","templated":true}]}}