{"id":27953,"date":"2024-03-25T10:30:04","date_gmt":"2024-03-25T08:30:04","guid":{"rendered":"https:\/\/farwell.ee\/toode\/vaakumkambermasin-700w-vaakumpump-12-mc-h\/"},"modified":"2026-03-27T14:00:11","modified_gmt":"2026-03-27T12:00:11","slug":"vaakumkambermasin-700w-vaakumpump-12-mc-h","status":"publish","type":"product","link":"https:\/\/farwell.ee\/en\/product\/vaakumkambermasin-700w-vaakumpump-12-mc-h\/","title":{"rendered":"Vaakummasin 700W, vaakumpump 12 m3\/h"},"content":{"rendered":"","protected":false},"excerpt":{"rendered":"<p>Tihendi pikkus: 410mm<br \/>\nVaakumpump: 12 m\u00b3\/h<br \/>\nL\u00f5ppr\u00f5hk: 2 mbar<br \/>\nKambri m\u00f5\u00f5tmed: 440x448x170mm<br \/>\nKambri maht: 29,5L<br \/>\nV\u00f5imsus: 700 W<br \/>\nKoti maksimaalne laius: 400mm<br \/>\nElektripinge\/sagedus\/faasid: 220-240V \/ 50-60Hz \/ 1Ph+N+PE V\/Hz<br \/>\nToitejuhe ja pistik: 3m + IEC \/ Schuko<br \/>\nVoolutugevus: 3,04 A<br \/>\nKorpuse materjal: roostevaba teras (AISI304)<br \/>\nVaakumkambri materjal: h\u00fcdrovormitud roostevaba teras (AISI304)<br \/>\nKaane materjal: PMMA (pleksiklaas)<br \/>\n\u00dcldm\u00f5\u00f5tmed: 535x598x436mm<br \/>\nMaksimaalne k\u00f5rgus avatud kaanega: 790mm<br \/>\nTugede vaheline kaugus: 476x485mm<br \/>\nKaal: 54,5 kg<br \/>\nM\u00fcratase: 62 dB(A)<br \/>\nKeskkonna t\u00f6\u00f6temperatuur (min-max): +12C kuni +40C<br \/>\nP\u00e4ritolumaa: Itaalia<\/p>","protected":false},"featured_media":27952,"template":"","meta":{"_acf_changed":false,"inline_featured_image":false},"product_brand":[],"product_cat":[12405],"product_tag":[12403,12404],"class_list":{"0":"post-27953","1":"product","2":"type-product","3":"status-publish","4":"has-post-thumbnail","6":"product_cat-vaakummasinad","7":"product_tag-vaakumkambermasin","8":"product_tag-vaakumpakendaja","9":"pa_kaubamark-lerica","11":"first","12":"instock","13":"shipping-taxable","14":"purchasable","15":"product-type-simple"},"acf":[],"_links":{"self":[{"href":"https:\/\/farwell.ee\/en\/wp-json\/wp\/v2\/product\/27953","targetHints":{"allow":["GET"]}}],"collection":[{"href":"https:\/\/farwell.ee\/en\/wp-json\/wp\/v2\/product"}],"about":[{"href":"https:\/\/farwell.ee\/en\/wp-json\/wp\/v2\/types\/product"}],"wp:featuredmedia":[{"embeddable":true,"href":"https:\/\/farwell.ee\/en\/wp-json\/wp\/v2\/media\/27952"}],"wp:attachment":[{"href":"https:\/\/farwell.ee\/en\/wp-json\/wp\/v2\/media?parent=27953"}],"wp:term":[{"taxonomy":"product_brand","embeddable":true,"href":"https:\/\/farwell.ee\/en\/wp-json\/wp\/v2\/product_brand?post=27953"},{"taxonomy":"product_cat","embeddable":true,"href":"https:\/\/farwell.ee\/en\/wp-json\/wp\/v2\/product_cat?post=27953"},{"taxonomy":"product_tag","embeddable":true,"href":"https:\/\/farwell.ee\/en\/wp-json\/wp\/v2\/product_tag?post=27953"}],"curies":[{"name":"wp","href":"https:\/\/api.w.org\/{rel}","templated":true}]}}