{"id":27892,"date":"2024-03-21T14:00:05","date_gmt":"2024-03-21T12:00:05","guid":{"rendered":"https:\/\/farwell.ee\/toode\/juurvilja-spiraalloikur-ehk-nuudlimasin-benriner\/"},"modified":"2025-07-01T14:45:06","modified_gmt":"2025-07-01T11:45:06","slug":"juurvilja-spiraalloikur-ehk-nuudlimasin-benriner","status":"publish","type":"product","link":"https:\/\/farwell.ee\/en\/product\/juurvilja-spiraalloikur-ehk-nuudlimasin-benriner\/","title":{"rendered":"K\u00f6\u00f6givilja spiraall\u00f5ikur ehk nuudlimasin Benriner"},"content":{"rendered":"","protected":false},"excerpt":{"rendered":"<p>Profikvaliteediga k\u00f6\u00f6givilja- ja juurviljatreipingil on kolm vahetatavat tippkvaliteediga jaapaniterasest tera:<br \/>\n1mm; 2,5mm ja 4mm, millega saad erineva paksusega nuudlit ja \u00fcks lai tera, millega saad laia linti ehk spiraali.<br \/>\nVaruteradena on v\u00f5imalik eraldi tellida viilutustera koodiga 41 ja kolme erineva m\u00f5\u00f5duga ribatera ehk julienne tera, koodidega BN-117, BN-118 ja BN-119.<\/p>","protected":false},"featured_media":31283,"template":"","meta":{"_acf_changed":false,"inline_featured_image":false},"product_brand":[],"product_cat":[163],"product_tag":[6529,9705,10417],"class_list":{"0":"post-27892","1":"product","2":"type-product","3":"status-publish","4":"has-post-thumbnail","6":"product_cat-riivid-koorijad-ja-pureestajad","7":"product_tag-juurvilja-spiraalloikur","8":"product_tag-juurviljaloikur","9":"product_tag-koogiviljaloikur","10":"pa_kaubamark-benriner","12":"first","13":"outofstock","14":"shipping-taxable","15":"purchasable","16":"product-type-simple"},"acf":[],"_links":{"self":[{"href":"https:\/\/farwell.ee\/en\/wp-json\/wp\/v2\/product\/27892","targetHints":{"allow":["GET"]}}],"collection":[{"href":"https:\/\/farwell.ee\/en\/wp-json\/wp\/v2\/product"}],"about":[{"href":"https:\/\/farwell.ee\/en\/wp-json\/wp\/v2\/types\/product"}],"wp:featuredmedia":[{"embeddable":true,"href":"https:\/\/farwell.ee\/en\/wp-json\/wp\/v2\/media\/31283"}],"wp:attachment":[{"href":"https:\/\/farwell.ee\/en\/wp-json\/wp\/v2\/media?parent=27892"}],"wp:term":[{"taxonomy":"product_brand","embeddable":true,"href":"https:\/\/farwell.ee\/en\/wp-json\/wp\/v2\/product_brand?post=27892"},{"taxonomy":"product_cat","embeddable":true,"href":"https:\/\/farwell.ee\/en\/wp-json\/wp\/v2\/product_cat?post=27892"},{"taxonomy":"product_tag","embeddable":true,"href":"https:\/\/farwell.ee\/en\/wp-json\/wp\/v2\/product_tag?post=27892"}],"curies":[{"name":"wp","href":"https:\/\/api.w.org\/{rel}","templated":true}]}}