{"id":27864,"date":"2024-03-20T10:30:04","date_gmt":"2024-03-20T08:30:04","guid":{"rendered":"https:\/\/farwell.ee\/toode\/soojalamp-950w-laius-1070mm\/"},"modified":"2026-02-19T11:00:04","modified_gmt":"2026-02-19T09:00:04","slug":"soojalamp-950w-laius-1070mm","status":"publish","type":"product","link":"https:\/\/farwell.ee\/en\/product\/soojalamp-950w-laius-1070mm\/","title":{"rendered":"Soojalamp 950W, pikkus 1070mm"},"content":{"rendered":"","protected":false},"excerpt":{"rendered":"<p>Infrapuna soojenduslamp hoiab v\u00e4ljastusletil toitu soojana.<br \/>\nV\u00f5imalik paigaldada jalgadele v\u00f5i riputada kettidega lakke v\u00f5i tasapinna alla.<br \/>\nKetid ja universaalsed jalad ei kuulu hinna sisse!<br \/>\nJalad on v\u00f5imalik lisavarustusena eraldi tellida,\u00a0 tootekood 114000.<\/p>","protected":false},"featured_media":27941,"template":"","meta":{"_acf_changed":false,"inline_featured_image":false},"product_brand":[],"product_cat":[6409],"product_tag":[],"class_list":{"0":"post-27864","1":"product","2":"type-product","3":"status-publish","4":"has-post-thumbnail","6":"product_cat-soojalambid","7":"pa_kaubamark-bartscher","9":"first","10":"outofstock","11":"shipping-taxable","12":"purchasable","13":"product-type-simple"},"acf":[],"_links":{"self":[{"href":"https:\/\/farwell.ee\/en\/wp-json\/wp\/v2\/product\/27864","targetHints":{"allow":["GET"]}}],"collection":[{"href":"https:\/\/farwell.ee\/en\/wp-json\/wp\/v2\/product"}],"about":[{"href":"https:\/\/farwell.ee\/en\/wp-json\/wp\/v2\/types\/product"}],"wp:featuredmedia":[{"embeddable":true,"href":"https:\/\/farwell.ee\/en\/wp-json\/wp\/v2\/media\/27941"}],"wp:attachment":[{"href":"https:\/\/farwell.ee\/en\/wp-json\/wp\/v2\/media?parent=27864"}],"wp:term":[{"taxonomy":"product_brand","embeddable":true,"href":"https:\/\/farwell.ee\/en\/wp-json\/wp\/v2\/product_brand?post=27864"},{"taxonomy":"product_cat","embeddable":true,"href":"https:\/\/farwell.ee\/en\/wp-json\/wp\/v2\/product_cat?post=27864"},{"taxonomy":"product_tag","embeddable":true,"href":"https:\/\/farwell.ee\/en\/wp-json\/wp\/v2\/product_tag?post=27864"}],"curies":[{"name":"wp","href":"https:\/\/api.w.org\/{rel}","templated":true}]}}