{"id":27841,"date":"2024-03-19T09:15:04","date_gmt":"2024-03-19T07:15:04","guid":{"rendered":"https:\/\/farwell.ee\/toode\/kandikute-pesukorv-50x50cm-avatud-kuljega-3\/"},"modified":"2026-01-16T12:15:07","modified_gmt":"2026-01-16T10:15:07","slug":"kandikute-pesukorv-50x50cm-avatud-kuljega-3","status":"publish","type":"product","link":"https:\/\/farwell.ee\/en\/product\/kandikute-pesukorv-50x50cm-avatud-kuljega-3\/","title":{"rendered":"Kandikute pesukorv 50x50cm avatud k\u00fcljega"},"content":{"rendered":"","protected":false},"excerpt":{"rendered":"<p>Avatud k\u00fcljega pesukorvis saab pesta kandikuid ja k\u00fcpsetusplaate, mis on pikemad kui 44cm.<br \/>\nTemperatuuritaluvus kuni +93,3\u00b0C.<br \/>\nMahutab p\u00fcsti kuni \u00fcheksa kandikut v\u00f5i GN-vaagnat.<\/p>","protected":false},"featured_media":27840,"template":"","meta":{"_acf_changed":false,"inline_featured_image":false},"product_brand":[],"product_cat":[6267],"product_tag":[],"class_list":{"0":"post-27841","1":"product","2":"type-product","3":"status-publish","4":"has-post-thumbnail","6":"product_cat-noudepesurestid","7":"pa_kaubamark-cambro","9":"first","10":"outofstock","11":"shipping-taxable","12":"purchasable","13":"product-type-simple"},"acf":[],"_links":{"self":[{"href":"https:\/\/farwell.ee\/en\/wp-json\/wp\/v2\/product\/27841","targetHints":{"allow":["GET"]}}],"collection":[{"href":"https:\/\/farwell.ee\/en\/wp-json\/wp\/v2\/product"}],"about":[{"href":"https:\/\/farwell.ee\/en\/wp-json\/wp\/v2\/types\/product"}],"wp:featuredmedia":[{"embeddable":true,"href":"https:\/\/farwell.ee\/en\/wp-json\/wp\/v2\/media\/27840"}],"wp:attachment":[{"href":"https:\/\/farwell.ee\/en\/wp-json\/wp\/v2\/media?parent=27841"}],"wp:term":[{"taxonomy":"product_brand","embeddable":true,"href":"https:\/\/farwell.ee\/en\/wp-json\/wp\/v2\/product_brand?post=27841"},{"taxonomy":"product_cat","embeddable":true,"href":"https:\/\/farwell.ee\/en\/wp-json\/wp\/v2\/product_cat?post=27841"},{"taxonomy":"product_tag","embeddable":true,"href":"https:\/\/farwell.ee\/en\/wp-json\/wp\/v2\/product_tag?post=27841"}],"curies":[{"name":"wp","href":"https:\/\/api.w.org\/{rel}","templated":true}]}}