{"id":27592,"date":"2024-03-05T09:15:05","date_gmt":"2024-03-05T07:15:05","guid":{"rendered":"https:\/\/farwell.ee\/toode\/sailituskast-40l-kaanega-ja-kaepidemetega\/"},"modified":"2026-02-04T12:15:04","modified_gmt":"2026-02-04T10:15:04","slug":"sailituskast-40l-kaanega-ja-kaepidemetega","status":"publish","type":"product","link":"https:\/\/farwell.ee\/en\/product\/sailituskast-40l-kaanega-ja-kaepidemetega\/","title":{"rendered":"S\u00e4ilituskast 40L kaanega ja k\u00e4epidemetega"},"content":{"rendered":"","protected":false},"excerpt":{"rendered":"<p>S\u00e4ilituskast on koos kaanega virnastatav.<br \/>\nOtstes k\u00fclgk\u00e4epidemed, koos kinnitustega lihtsaks k\u00e4sitsemiseks ja transportimiseks.<br \/>\nBPA-vaba pol\u00fcprop\u00fcleen.<br \/>\nTemperatuuritaluvus -40C kuni +95C.<\/p>","protected":false},"featured_media":27591,"template":"","meta":{"_acf_changed":false,"inline_featured_image":false},"product_brand":[],"product_cat":[5674],"product_tag":[],"class_list":{"0":"post-27592","1":"product","2":"type-product","3":"status-publish","4":"has-post-thumbnail","6":"product_cat-sailitus-ja-transpordikastid","7":"pa_kaubamark-araven","9":"first","10":"instock","11":"shipping-taxable","12":"purchasable","13":"product-type-simple"},"acf":[],"_links":{"self":[{"href":"https:\/\/farwell.ee\/en\/wp-json\/wp\/v2\/product\/27592","targetHints":{"allow":["GET"]}}],"collection":[{"href":"https:\/\/farwell.ee\/en\/wp-json\/wp\/v2\/product"}],"about":[{"href":"https:\/\/farwell.ee\/en\/wp-json\/wp\/v2\/types\/product"}],"wp:featuredmedia":[{"embeddable":true,"href":"https:\/\/farwell.ee\/en\/wp-json\/wp\/v2\/media\/27591"}],"wp:attachment":[{"href":"https:\/\/farwell.ee\/en\/wp-json\/wp\/v2\/media?parent=27592"}],"wp:term":[{"taxonomy":"product_brand","embeddable":true,"href":"https:\/\/farwell.ee\/en\/wp-json\/wp\/v2\/product_brand?post=27592"},{"taxonomy":"product_cat","embeddable":true,"href":"https:\/\/farwell.ee\/en\/wp-json\/wp\/v2\/product_cat?post=27592"},{"taxonomy":"product_tag","embeddable":true,"href":"https:\/\/farwell.ee\/en\/wp-json\/wp\/v2\/product_tag?post=27592"}],"curies":[{"name":"wp","href":"https:\/\/api.w.org\/{rel}","templated":true}]}}