{"id":27514,"date":"2024-03-01T12:15:04","date_gmt":"2024-03-01T10:15:04","guid":{"rendered":"https:\/\/farwell.ee\/toode\/puidukaitse-oli-250ml\/"},"modified":"2026-02-20T11:00:04","modified_gmt":"2026-02-20T09:00:04","slug":"puidukaitse-oli-250ml","status":"publish","type":"product","link":"https:\/\/farwell.ee\/en\/product\/puidukaitse-oli-250ml\/","title":{"rendered":"Puidukaitse \u00f5li 250ml"},"content":{"rendered":"","protected":false},"excerpt":{"rendered":"<p>T&amp;G Woodware toiduohutu puidu\u00f5li sobib suurep\u00e4raselt puidust l\u00f5ikelaudade hooldamiseks ja kaitsmiseks.<br \/>\n\u00d5liga hooldamine pikendab l\u00f5ikelaudade eluiga, parandab niiskuskaitset ja samal ajal nende v\u00e4limust.<\/p>","protected":false},"featured_media":27513,"template":"","meta":{"_acf_changed":false,"inline_featured_image":false},"product_brand":[],"product_cat":[7535],"product_tag":[],"class_list":{"0":"post-27514","1":"product","2":"type-product","3":"status-publish","4":"has-post-thumbnail","6":"product_cat-kulumaterjalid","7":"pa_kaubamark-tg-woodware","9":"first","10":"instock","11":"shipping-taxable","12":"purchasable","13":"product-type-simple"},"acf":[],"_links":{"self":[{"href":"https:\/\/farwell.ee\/en\/wp-json\/wp\/v2\/product\/27514","targetHints":{"allow":["GET"]}}],"collection":[{"href":"https:\/\/farwell.ee\/en\/wp-json\/wp\/v2\/product"}],"about":[{"href":"https:\/\/farwell.ee\/en\/wp-json\/wp\/v2\/types\/product"}],"wp:featuredmedia":[{"embeddable":true,"href":"https:\/\/farwell.ee\/en\/wp-json\/wp\/v2\/media\/27513"}],"wp:attachment":[{"href":"https:\/\/farwell.ee\/en\/wp-json\/wp\/v2\/media?parent=27514"}],"wp:term":[{"taxonomy":"product_brand","embeddable":true,"href":"https:\/\/farwell.ee\/en\/wp-json\/wp\/v2\/product_brand?post=27514"},{"taxonomy":"product_cat","embeddable":true,"href":"https:\/\/farwell.ee\/en\/wp-json\/wp\/v2\/product_cat?post=27514"},{"taxonomy":"product_tag","embeddable":true,"href":"https:\/\/farwell.ee\/en\/wp-json\/wp\/v2\/product_tag?post=27514"}],"curies":[{"name":"wp","href":"https:\/\/api.w.org\/{rel}","templated":true}]}}