{"id":27508,"date":"2024-03-01T11:27:32","date_gmt":"2024-03-01T09:27:32","guid":{"rendered":"https:\/\/farwell.ee\/?post_type=product&#038;p=27508"},"modified":"2024-03-22T14:04:50","modified_gmt":"2024-03-22T12:04:50","slug":"pesutohusti-24-kg-derval-bright","status":"publish","type":"product","link":"https:\/\/farwell.ee\/en\/product\/pesutohusti-24-kg-derval-bright\/","title":{"rendered":"Pesut\u00f5husti 24 kg Derval Bright"},"content":{"rendered":"","protected":false},"excerpt":{"rendered":"<ul>\n<li>T\u00e4iuslik taime\u00f5lide ja rasvade eemaldamine valgetelt tekstiilidelt.<\/li>\n<li>Suurep\u00e4rane valgedusaste puuvillastel ja pol\u00fcestertekstiilidel t\u00e4nu spetsiifilisele optilisele valgendis\u00fcsteemile.<\/li>\n<li>T\u00e4iuslikult kohandatud kombineerimiseks DERVAL POWERiga.<\/li>\n<li>Kergesti doseeritav t\u00e4nu madalale viskoossusele ja heale vees segunemisele.<\/li>\n<li>\u00dcksk\u00f5ikne vee kareduse suhtes.<\/li>\n<li>Ei tekita probleeme reoveepuhastites.<\/li>\n<\/ul>","protected":false},"featured_media":27913,"template":"","meta":{"_acf_changed":false,"inline_featured_image":false},"product_brand":[],"product_cat":[8489,8493],"product_tag":[],"class_list":{"0":"post-27508","1":"product","2":"type-product","3":"status-publish","4":"has-post-thumbnail","6":"product_cat-pesumaja-pesuained","7":"product_cat-tekstiilide-pesuained","9":"first","10":"outofstock","11":"shipping-taxable","12":"product-type-simple"},"acf":[],"_links":{"self":[{"href":"https:\/\/farwell.ee\/en\/wp-json\/wp\/v2\/product\/27508","targetHints":{"allow":["GET"]}}],"collection":[{"href":"https:\/\/farwell.ee\/en\/wp-json\/wp\/v2\/product"}],"about":[{"href":"https:\/\/farwell.ee\/en\/wp-json\/wp\/v2\/types\/product"}],"wp:featuredmedia":[{"embeddable":true,"href":"https:\/\/farwell.ee\/en\/wp-json\/wp\/v2\/media\/27913"}],"wp:attachment":[{"href":"https:\/\/farwell.ee\/en\/wp-json\/wp\/v2\/media?parent=27508"}],"wp:term":[{"taxonomy":"product_brand","embeddable":true,"href":"https:\/\/farwell.ee\/en\/wp-json\/wp\/v2\/product_brand?post=27508"},{"taxonomy":"product_cat","embeddable":true,"href":"https:\/\/farwell.ee\/en\/wp-json\/wp\/v2\/product_cat?post=27508"},{"taxonomy":"product_tag","embeddable":true,"href":"https:\/\/farwell.ee\/en\/wp-json\/wp\/v2\/product_tag?post=27508"}],"curies":[{"name":"wp","href":"https:\/\/api.w.org\/{rel}","templated":true}]}}