{"id":27501,"date":"2024-03-01T11:01:14","date_gmt":"2024-03-01T09:01:14","guid":{"rendered":"https:\/\/farwell.ee\/?post_type=product&#038;p=27501"},"modified":"2024-03-01T11:05:37","modified_gmt":"2024-03-01T09:05:37","slug":"pesupulber-15-kg-trebon-plus-eco","status":"publish","type":"product","link":"https:\/\/farwell.ee\/en\/product\/pesupulber-15-kg-trebon-plus-eco\/","title":{"rendered":"Pesupulber 15 kg Trebon Plus Eco"},"content":{"rendered":"","protected":false},"excerpt":{"rendered":"<ul>\n<li>EU \u00f6kom\u00e4rgis.<\/li>\n<li>Ei sisalda tseoliite, fosfaate, perboraate ja NTA-d ning on seet\u00f5ttu eriti keskkonnas\u00f5bralik.<\/li>\n<li>Pigmentide ja rasvade p\u00f5hjalik eemaldamine.<\/li>\n<li>T\u00f5hus ja \u00f5rn pleegitamine alates 40\u00b0C.<\/li>\n<li>Raskmetallide ioonide usaldusv\u00e4\u00e4rne kompleksimine.<\/li>\n<li>Usaldusv\u00e4\u00e4rne pesemine pehmes ja kareda vees.<\/li>\n<li>Kaitseb kudede inkrusteerumise ja ladestumise eest masinatel.<\/li>\n<li>Eriti v\u00e4he vahutav.<\/li>\n<li>Eriti \u00f6konoomne t\u00e4nu v\u00e4ga v\u00e4ikestele doseerimiskogustele.<\/li>\n<li>1 kg TREBON PLUS ECO on piisav 60-100 kg pesu jaoks.<\/li>\n<\/ul>","protected":false},"featured_media":27503,"template":"","meta":{"_acf_changed":false,"inline_featured_image":false},"product_brand":[],"product_cat":[8489,8493],"product_tag":[],"class_list":{"0":"post-27501","1":"product","2":"type-product","3":"status-publish","4":"has-post-thumbnail","6":"product_cat-pesumaja-pesuained","7":"product_cat-tekstiilide-pesuained","9":"first","10":"outofstock","11":"shipping-taxable","12":"product-type-simple"},"acf":[],"_links":{"self":[{"href":"https:\/\/farwell.ee\/en\/wp-json\/wp\/v2\/product\/27501","targetHints":{"allow":["GET"]}}],"collection":[{"href":"https:\/\/farwell.ee\/en\/wp-json\/wp\/v2\/product"}],"about":[{"href":"https:\/\/farwell.ee\/en\/wp-json\/wp\/v2\/types\/product"}],"wp:featuredmedia":[{"embeddable":true,"href":"https:\/\/farwell.ee\/en\/wp-json\/wp\/v2\/media\/27503"}],"wp:attachment":[{"href":"https:\/\/farwell.ee\/en\/wp-json\/wp\/v2\/media?parent=27501"}],"wp:term":[{"taxonomy":"product_brand","embeddable":true,"href":"https:\/\/farwell.ee\/en\/wp-json\/wp\/v2\/product_brand?post=27501"},{"taxonomy":"product_cat","embeddable":true,"href":"https:\/\/farwell.ee\/en\/wp-json\/wp\/v2\/product_cat?post=27501"},{"taxonomy":"product_tag","embeddable":true,"href":"https:\/\/farwell.ee\/en\/wp-json\/wp\/v2\/product_tag?post=27501"}],"curies":[{"name":"wp","href":"https:\/\/api.w.org\/{rel}","templated":true}]}}