{"id":27495,"date":"2024-03-01T10:54:07","date_gmt":"2024-03-01T08:54:07","guid":{"rendered":"https:\/\/farwell.ee\/?post_type=product&#038;p=27495"},"modified":"2024-03-22T14:08:49","modified_gmt":"2024-03-22T12:08:49","slug":"pesupulber-5-kg-trebon-plus","status":"publish","type":"product","link":"https:\/\/farwell.ee\/en\/product\/pesupulber-5-kg-trebon-plus\/","title":{"rendered":"Pesupulber 5 kg Trebon Plus"},"content":{"rendered":"","protected":false},"excerpt":{"rendered":"<ul>\n<li>Eriti keskkonnas\u00f5bralik, ei sisalda tseoliite, fosfaate, perboraate ega NTA<\/li>\n<li>P\u00f5hjalik pigmendi- ja rasvase mustuse eemaldamine<\/li>\n<li>T\u00f5hus ja \u00f5rn pleegitamine alates 40 \u00b0C<\/li>\n<li>Raskmetallide ioonide usaldusv\u00e4\u00e4rne kompleksimine<\/li>\n<li>Usaldusv\u00e4\u00e4rne pesuefekt pehmes ja karedas vees<\/li>\n<li>Hoiab \u00e4ra kudede inkrustatsiooni ja ladestumist masinasse<\/li>\n<li>V\u00e4he vahutav<\/li>\n<li>Sobib eriti h\u00e4sti s\u00e4rkide ja valgete tekstiilide jaoks<\/li>\n<li>Eriti \u00f6konoomne v\u00e4ga v\u00e4ikeste doseerimiskoguste t\u00f5ttu 1 kg TREBON PLUS on piisav 100\u201360 kg tekstiili jaoks<\/li>\n<\/ul>","protected":false},"featured_media":27915,"template":"","meta":{"_acf_changed":false,"inline_featured_image":false},"product_brand":[],"product_cat":[8489,8493],"product_tag":[],"class_list":{"0":"post-27495","1":"product","2":"type-product","3":"status-publish","4":"has-post-thumbnail","6":"product_cat-pesumaja-pesuained","7":"product_cat-tekstiilide-pesuained","9":"first","10":"outofstock","11":"shipping-taxable","12":"product-type-simple"},"acf":[],"_links":{"self":[{"href":"https:\/\/farwell.ee\/en\/wp-json\/wp\/v2\/product\/27495","targetHints":{"allow":["GET"]}}],"collection":[{"href":"https:\/\/farwell.ee\/en\/wp-json\/wp\/v2\/product"}],"about":[{"href":"https:\/\/farwell.ee\/en\/wp-json\/wp\/v2\/types\/product"}],"wp:featuredmedia":[{"embeddable":true,"href":"https:\/\/farwell.ee\/en\/wp-json\/wp\/v2\/media\/27915"}],"wp:attachment":[{"href":"https:\/\/farwell.ee\/en\/wp-json\/wp\/v2\/media?parent=27495"}],"wp:term":[{"taxonomy":"product_brand","embeddable":true,"href":"https:\/\/farwell.ee\/en\/wp-json\/wp\/v2\/product_brand?post=27495"},{"taxonomy":"product_cat","embeddable":true,"href":"https:\/\/farwell.ee\/en\/wp-json\/wp\/v2\/product_cat?post=27495"},{"taxonomy":"product_tag","embeddable":true,"href":"https:\/\/farwell.ee\/en\/wp-json\/wp\/v2\/product_tag?post=27495"}],"curies":[{"name":"wp","href":"https:\/\/api.w.org\/{rel}","templated":true}]}}